{"id":1450,"date":"2011-01-10T21:45:43","date_gmt":"2011-01-10T20:45:43","guid":{"rendered":"http:\/\/holisticexcellence.de\/"},"modified":"2026-05-06T17:32:47","modified_gmt":"2026-05-06T16:32:47","slug":"contact","status":"publish","type":"page","link":"https:\/\/milvi-reiki.com\/de\/contact\/","title":{"rendered":"Kontakt"},"content":{"rendered":"<p><img loading=\"lazy\" decoding=\"async\" class=\"wp-image-2967 alignright\" src=\"http:\/\/milvi-reiki.com\/wp-content\/uploads\/2016\/10\/altmoisa-profil-300x300.jpg\" alt=\"altmoisa-profil\" width=\"250\" height=\"250\" srcset=\"https:\/\/milvi-reiki.com\/wp-content\/uploads\/2016\/10\/altmoisa-profil-300x300.jpg 300w, https:\/\/milvi-reiki.com\/wp-content\/uploads\/2016\/10\/altmoisa-profil-150x150.jpg 150w, https:\/\/milvi-reiki.com\/wp-content\/uploads\/2016\/10\/altmoisa-profil-768x768.jpg 768w, https:\/\/milvi-reiki.com\/wp-content\/uploads\/2016\/10\/altmoisa-profil-500x500.jpg 500w, https:\/\/milvi-reiki.com\/wp-content\/uploads\/2016\/10\/altmoisa-profil-624x624.jpg 624w, https:\/\/milvi-reiki.com\/wp-content\/uploads\/2016\/10\/altmoisa-profil.jpg 1229w\" sizes=\"auto, (max-width: 250px) 100vw, 250px\" \/>T<span style=\"color: #000000;\">el: <strong>(00372) 53506547<br \/>\n<\/strong><\/span><\/p>\n<p><span style=\"color: #000000;\">Reiki Kodu O\u00dc<\/span><br \/>\n<span style=\"color: #000000;\"> Jaama 5<\/span><br \/>\n<span style=\"color: #000000;\"> 72212 T\u00fcri (J\u00e4rvamaa)<\/span><br \/>\n<span style=\"color: #000000;\"> Estland<\/span><\/p>\n<p><span style=\"color: #000000;\">Die schnellste Art mich zu erreichen ist via folgendem Kontaktformular.\u00a0<\/span><span style=\"color: #000000;\">Bitte schreib mir abgesehen von Deinem Namen auch Deine Telefonnummer und die Zeiten zu denen Du am Besten erreichbar bist, ich rufe Dich gerne zur\u00fcck!<\/span><\/p>\n<p>\n<div class=\"wpcf7 no-js\" id=\"wpcf7-f2768-o2\" lang=\"en-US\" dir=\"ltr\" data-wpcf7-id=\"2768\">\n<div class=\"screen-reader-response\"><p role=\"status\" aria-live=\"polite\" aria-atomic=\"true\"><\/p> <ul><\/ul><\/div>\n<form action=\"\/de\/wp-json\/wp\/v2\/pages\/1450#wpcf7-f2768-o2\" method=\"post\" class=\"wpcf7-form init\" aria-label=\"Contact form\" novalidate=\"novalidate\" data-status=\"init\">\n<fieldset class=\"hidden-fields-container\"><input type=\"hidden\" name=\"_wpcf7\" value=\"2768\" \/><input type=\"hidden\" name=\"_wpcf7_version\" value=\"6.1.5\" \/><input type=\"hidden\" name=\"_wpcf7_locale\" value=\"en_US\" \/><input type=\"hidden\" name=\"_wpcf7_unit_tag\" value=\"wpcf7-f2768-o2\" \/><input type=\"hidden\" name=\"_wpcf7_container_post\" value=\"0\" \/><input type=\"hidden\" name=\"_wpcf7_posted_data_hash\" value=\"\" \/>\n<\/fieldset>\n<p>Your Name (required)\n<\/p>\n<p><span class=\"wpcf7-form-control-wrap\" data-name=\"your-name\"><input size=\"40\" maxlength=\"400\" class=\"wpcf7-form-control wpcf7-text wpcf7-validates-as-required\" aria-required=\"true\" aria-invalid=\"false\" value=\"\" type=\"text\" name=\"your-name\" \/><\/span>\n<\/p>\n<p>Your Email (required)\n<\/p>\n<p><span class=\"wpcf7-form-control-wrap\" data-name=\"your-email\"><input size=\"40\" maxlength=\"400\" class=\"wpcf7-form-control wpcf7-email wpcf7-validates-as-required wpcf7-text wpcf7-validates-as-email\" aria-required=\"true\" aria-invalid=\"false\" value=\"\" type=\"email\" name=\"your-email\" \/><\/span>\n<\/p>\n<p>Subject\n<\/p>\n<p><span class=\"wpcf7-form-control-wrap\" data-name=\"your-subject\"><input size=\"40\" maxlength=\"400\" class=\"wpcf7-form-control wpcf7-text\" aria-invalid=\"false\" value=\"\" type=\"text\" name=\"your-subject\" \/><\/span>\n<\/p>\n<p>Your Message\n<\/p>\n<p><span class=\"wpcf7-form-control-wrap\" data-name=\"your-message\"><textarea cols=\"40\" rows=\"10\" maxlength=\"2000\" class=\"wpcf7-form-control wpcf7-textarea\" aria-invalid=\"false\" name=\"your-message\"><\/textarea><\/span>\n<\/p>\n<p><input class=\"wpcf7-form-control wpcf7-submit has-spinner\" type=\"submit\" value=\"Send\" \/>\n<\/p><p style=\"display: none !important;\" class=\"akismet-fields-container\" data-prefix=\"_wpcf7_ak_\"><label>&#916;<textarea name=\"_wpcf7_ak_hp_textarea\" cols=\"45\" rows=\"8\" maxlength=\"100\"><\/textarea><\/label><input type=\"hidden\" id=\"ak_js_2\" name=\"_wpcf7_ak_js\" value=\"175\"\/><script>document.getElementById( \"ak_js_2\" ).setAttribute( \"value\", ( new Date() ).getTime() );<\/script><\/p><div class=\"wpcf7-response-output\" aria-hidden=\"true\"><\/div>\n<\/form>\n<\/div>\n<\/p>","protected":false},"excerpt":{"rendered":"<p>Tel: (00372) 53506547 Reiki Kodu O\u00dc Jaama 5 72212 T\u00fcri (J\u00e4rvamaa) Estland Die schnellste Art mich zu erreichen ist via folgendem Kontaktformular.\u00a0Bitte schreib mir abgesehen von Deinem Namen auch Deine Telefonnummer und die Zeiten zu denen Du am Besten erreichbar bist, ich rufe Dich gerne zur\u00fcck!<\/p>\n","protected":false},"author":2,"featured_media":0,"parent":0,"menu_order":2,"comment_status":"closed","ping_status":"closed","template":"","meta":{"jetpack_post_was_ever_published":false,"footnotes":""},"class_list":["post-1450","page","type-page","status-publish","hentry"],"jetpack_sharing_enabled":true,"jetpack_shortlink":"https:\/\/wp.me\/P5Ovwu-no","_links":{"self":[{"href":"https:\/\/milvi-reiki.com\/de\/wp-json\/wp\/v2\/pages\/1450","targetHints":{"allow":["GET"]}}],"collection":[{"href":"https:\/\/milvi-reiki.com\/de\/wp-json\/wp\/v2\/pages"}],"about":[{"href":"https:\/\/milvi-reiki.com\/de\/wp-json\/wp\/v2\/types\/page"}],"author":[{"embeddable":true,"href":"https:\/\/milvi-reiki.com\/de\/wp-json\/wp\/v2\/users\/2"}],"replies":[{"embeddable":true,"href":"https:\/\/milvi-reiki.com\/de\/wp-json\/wp\/v2\/comments?post=1450"}],"version-history":[{"count":38,"href":"https:\/\/milvi-reiki.com\/de\/wp-json\/wp\/v2\/pages\/1450\/revisions"}],"predecessor-version":[{"id":3495,"href":"https:\/\/milvi-reiki.com\/de\/wp-json\/wp\/v2\/pages\/1450\/revisions\/3495"}],"wp:attachment":[{"href":"https:\/\/milvi-reiki.com\/de\/wp-json\/wp\/v2\/media?parent=1450"}],"curies":[{"name":"wp","href":"https:\/\/api.w.org\/{rel}","templated":true}]}}