{"id":2848,"date":"2016-10-15T14:44:33","date_gmt":"2016-10-15T13:44:33","guid":{"rendered":"http:\/\/milvi-reiki.com\/?page_id=2848"},"modified":"2026-05-08T20:50:17","modified_gmt":"2026-05-08T19:50:17","slug":"welcome-willkommen-tere-tulemast","status":"publish","type":"page","link":"https:\/\/milvi-reiki.com\/de\/","title":{"rendered":"Willkommen! Welcome! Tere tulemast!"},"content":{"rendered":"<p><img loading=\"lazy\" decoding=\"async\" class=\"alignleft wp-image-3232\" src=\"https:\/\/milvi-reiki.com\/wp-content\/uploads\/2016\/10\/usr-kanji.bmp\" alt=\"\" width=\"55\" height=\"152\" \/>Das Usui System der nat\u00fcrlichen Heilung (Usui Shiki Ryoho) ist eine Heilkunst und \u2013lehre, die von Mikao Usui, einem japanischen M\u00f6nch und Gelehrten, Anfang des 20 Jhd entdeckt und von da ab weiterentwickelt wurde. Er nannte die Kraft, zu der er Zugang fand, Reiki, was als universelle\/ universale Lebensenergie \u00fcbersetzt werden kann.<\/p>\n<p><img loading=\"lazy\" decoding=\"async\" class=\"alignright\" src=\"https:\/\/i.pinimg.com\/736x\/4e\/9c\/65\/4e9c65c9b22e5c6cee168919e91c92a9.jpg\" alt=\"Kanji symbol for Reiki\" width=\"86\" height=\"155\" \/>Die Reikienergie ist f\u00fcr uns Menschen unsichtbar, unfassbar und unglaublich kraftvoll. Sie st\u00e4rkt die Selbstheilungskr\u00e4fte, energetisiert und heilt auf k\u00f6rperlicher, geistiger, seelischer und spiritueller Ebene. Durch Handauflegen kann ein Reikipraktizierender sich selbst und andere mit dieser Kraft behandeln und auf dem individuellen Heilungsweg unterst\u00fctzen.<\/p>\n<p>Die F\u00e4higkeit mit Reiki behandeln zu k\u00f6nnen, wird in Reikikursen durch Einweihungen von der Hand eines Reikimeisters an den Reikisch\u00fcler und zuk\u00fcnftigen Reikipraktizierenden weitergegeben.<\/p>\n<p><img loading=\"lazy\" decoding=\"async\" class=\"wp-image-2684 alignleft\" src=\"https:\/\/milvi-reiki.com\/wp-content\/uploads\/2015\/01\/Astrid-MIlvi-Bagwitz-225x300.jpg\" alt=\"\" width=\"100\" height=\"134\" \/>Ich praktiziere und unterrichte Reiki und das Usui System der nat\u00fcrlichen Heilung gem\u00e4ss den Richtlinien der <a href=\"http:\/\/www.reikialliance.com\">The Reiki Alliance<\/a> .\u00a0 Termine f\u00fcr Reikibehandlungen, -Kurse oder \u2013Austausch sowie allgemeine Anfragen k\u00f6nnen am Besten via <strong><a href=\"https:\/\/milvi-reiki.com\/de\/contact\/\">Kontaktformular<\/a><\/strong> oder telefonisch unter 00372 53506547 gemacht werden.<\/p>\n<p>&nbsp;<\/p>","protected":false},"excerpt":{"rendered":"<p>Das Usui System der nat\u00fcrlichen Heilung (Usui Shiki Ryoho) ist eine Heilkunst und \u2013lehre, die von Mikao Usui, einem japanischen M\u00f6nch und Gelehrten, Anfang des 20 Jhd entdeckt und von da ab weiterentwickelt wurde. Er nannte die Kraft, zu der er Zugang fand, Reiki, was als universelle\/ universale Lebensenergie \u00fcbersetzt werden kann. Die Reikienergie ist &hellip; <a href=\"https:\/\/milvi-reiki.com\/de\/\" class=\"more-link\"><span class=\"screen-reader-text\">Willkommen! Welcome! Tere tulemast!<\/span> weiterlesen<\/a><\/p>\n","protected":false},"author":2,"featured_media":0,"parent":0,"menu_order":0,"comment_status":"closed","ping_status":"closed","template":"","meta":{"jetpack_post_was_ever_published":false,"footnotes":""},"class_list":["post-2848","page","type-page","status-publish","hentry"],"jetpack_sharing_enabled":false,"jetpack_shortlink":"https:\/\/wp.me\/P5Ovwu-JW","_links":{"self":[{"href":"https:\/\/milvi-reiki.com\/de\/wp-json\/wp\/v2\/pages\/2848","targetHints":{"allow":["GET"]}}],"collection":[{"href":"https:\/\/milvi-reiki.com\/de\/wp-json\/wp\/v2\/pages"}],"about":[{"href":"https:\/\/milvi-reiki.com\/de\/wp-json\/wp\/v2\/types\/page"}],"author":[{"embeddable":true,"href":"https:\/\/milvi-reiki.com\/de\/wp-json\/wp\/v2\/users\/2"}],"replies":[{"embeddable":true,"href":"https:\/\/milvi-reiki.com\/de\/wp-json\/wp\/v2\/comments?post=2848"}],"version-history":[{"count":106,"href":"https:\/\/milvi-reiki.com\/de\/wp-json\/wp\/v2\/pages\/2848\/revisions"}],"predecessor-version":[{"id":3520,"href":"https:\/\/milvi-reiki.com\/de\/wp-json\/wp\/v2\/pages\/2848\/revisions\/3520"}],"wp:attachment":[{"href":"https:\/\/milvi-reiki.com\/de\/wp-json\/wp\/v2\/media?parent=2848"}],"curies":[{"name":"wp","href":"https:\/\/api.w.org\/{rel}","templated":true}]}}