{"id":2872,"date":"2016-10-15T18:05:38","date_gmt":"2016-10-15T17:05:38","guid":{"rendered":"http:\/\/milvi-reiki.com\/?page_id=2872"},"modified":"2016-11-26T14:07:28","modified_gmt":"2016-11-26T13:07:28","slug":"deutsch-behandlungen","status":"publish","type":"page","link":"https:\/\/milvi-reiki.com\/de\/offerings\/deutsch-behandlungen\/","title":{"rendered":"Behandlungen"},"content":{"rendered":"<p><\/p>\n<table style=\"height: 1272px;\" width=\"624\">\n<tbody>\n<tr>\n<td style=\"width: 613px; height: 25px; background-color: #7dabfa; text-align: center;\" colspan=\"3\"><span style=\"color: #000000;\"><strong>DU BIST HERZLICH WILLKOMMEN<\/strong><\/span><\/td>\n<\/tr>\n<tr>\n<td style=\"width: 201px; height: 100px; background-color: #d67dfa; text-align: center;\"><span style=\"color: #000000;\">\u00a0<strong>einen privaten <\/strong><\/span><\/p>\n<p><span style=\"color: #000000;\"><strong>BEHANDLUNGSTERMIN<\/strong><\/span><\/p>\n<p><span style=\"color: #000000;\"><strong>auszumachen<\/strong><\/span><\/td>\n<td style=\"width: 196px; height: 100px; background-color: #e3a2fc; text-align: center;\"><span style=\"color: #000000;\"><strong>zu meiner monatlichen<\/strong><\/span><\/p>\n<p><span style=\"color: #000000;\"><strong>REIKI-KLINIK<\/strong><\/span><\/p>\n<p><span style=\"color: #000000;\"><strong>zu kommen<\/strong><\/span><\/td>\n<td style=\"width: 194px; height: 100px; background-color: #eec7fc; text-align: center; vertical-align: top;\"><span style=\"color: #000000;\"><strong>unsere<\/strong><\/span><\/p>\n<p><span style=\"color: #000000;\"><strong>SUPPORT-LINE<\/strong><\/span><\/p>\n<p><span style=\"color: #000000;\"><strong>zu nutzen<\/strong><\/span><\/td>\n<\/tr>\n<tr>\n<td style=\"width: 201px; height: 100px; background-color: #d67dfa; text-align: center;\"><span style=\"color: #000000;\"><img loading=\"lazy\" decoding=\"async\" class=\"size-thumbnail wp-image-2664 aligncenter\" src=\"http:\/\/milvi-reiki.com\/wp-content\/uploads\/2015\/01\/images-150x150.jpg\" alt=\"images\" width=\"150\" height=\"150\" \/><\/span><\/td>\n<td style=\"width: 196px; height: 100px; background-color: #e3a2fc; text-align: center;\"><span style=\"color: #000000;\"><img loading=\"lazy\" decoding=\"async\" class=\"size-thumbnail wp-image-3152 aligncenter\" src=\"http:\/\/milvi-reiki.com\/wp-content\/uploads\/2016\/10\/Krokus-150x150.jpg\" alt=\"krokus\" width=\"150\" height=\"150\" \/><\/span><\/td>\n<td style=\"width: 194px; height: 100px; background-color: #eec7fc; text-align: center; vertical-align: top;\"><span style=\"color: #000000;\"><img loading=\"lazy\" decoding=\"async\" class=\"size-thumbnail wp-image-3155 aligncenter\" src=\"http:\/\/milvi-reiki.com\/wp-content\/uploads\/2016\/10\/Meer-und-Regenbogen-150x150.jpg\" alt=\"meer-und-regenbogen\" width=\"150\" height=\"150\" \/><\/span><\/td>\n<\/tr>\n<tr>\n<td style=\"width: 201px; height: 100px; background-color: #d67dfa; vertical-align: top; text-align: left; padding-left: 30px;\"><span style=\"color: #000000;\">und die positiven Wirkungen von Reiki f\u00fcr Dich zu nutzen. <\/span><\/p>\n<p><span style=\"color: #000000;\">Reiki wirkt auf allen Ebenen unseres Seins: K\u00f6rper, Geist, Seele; im Bewussten und im Unbewussten. Es erm\u00f6glicht Dir einen Zugang von der relativen, irdischen Welt in die absolute Welt, in das All-eins. Reiki wirkt heilsam bei allen Lebewesen, sei es Menschen, Tiere, Pflanzen, kurzum alles was nur einen Hauch von Leben enth\u00e4lt, lebendig ist, reagiert positiv auf Reiki. <\/span><\/p>\n<p><span style=\"color: #000000;\">Die Unterst\u00fctzung die Du durch Reiki erh\u00e4ltst ist individuell, die Wirkung und Gef\u00fchle die Dich begleiten sind bei jeder Behandlung anders und nicht in Worte zu fassen, man muss sie erleben. <\/span><\/p>\n<p><span style=\"color: #000000;\">Nimm Dir Zeit f\u00fcr Dich und Dein Ganzheit! Eine Behandlung dauert inclusive Vorgespr\u00e4ch 1- 1,5 Stunden.<\/span><\/td>\n<td style=\"width: 196px; height: 100px; background-color: #e3a2fc; vertical-align: top; text-align: left; padding-left: 30px;\"><span style=\"color: #000000;\">An diesen Abenden behandeln Reiki-Praktizierende all jene, die eine Reiki-Behandlung w\u00fcnschen oder brauchen. <\/span><\/p>\n<p><span style=\"color: #000000;\">Unsere Dienstleistung erfolgt auf Spendenbasis. Es werden zun\u00e4chst alle behandelt die nicht in Reiki eingeweiht sind, danach behandeln wir uns gegenseitig.<\/span><\/p>\n<p><span style=\"color: #000000;\">Der Erl\u00f6s kommt der Reiki-Gemeinschaft hier in T\u00fcri zu Gute und wird genutzt um gemeinn\u00fctzige Aktionen zu finanzieren an denen Reiki der Gemeinde zu Gute kommt, oder aber auch um es den hiesigen Praktizierenden zu erm\u00f6glichen an Fortbildungen teilzunehmen, und das gelernte wieder an die Gemeinschaft zu geben. <\/span><\/p>\n<p><span style=\"color: #000000;\">Falls Du Reiki-Praktizierender bist, aber nicht bei mir oder einem von der <a href=\"http:\/\/www.reikialliance.com\">TRA <\/a>anerkannten Meister gelernt hast, bist Du nat\u00fcrlich auch herzlichst willkommen mitzumachen. <\/span><\/p>\n<p><span style=\"color: #000000;\">Eine Behandlung dauert ca 30 Minuten. Du kannst gerne auch nach Deiner Behandlung bleiben und ich stehe Dir zu jederzeit f\u00fcr Deine Fragen zur Verf\u00fcgung.<\/span><\/td>\n<td style=\"width: 194px; height: 100px; background-color: #eec7fc; vertical-align: top; text-align: left; padding-left: 30px;\"><span style=\"color: #000000;\">Du und Dein Anliegen erfahren durch Reiki Unterst\u00fctzung. Erfahrene Reiki-Praktizierende des 2ten Grades senden Dir und\/oder Deinem Anliegen Reiki. \u00a0<\/span><\/p>\n<p><span style=\"color: #000000;\">Nimm <a href=\"http:\/\/milvi-reiki.com\/contact\/\">Kontakt<\/a> auf, falls Du mehr erfahren m\u00f6chtest oder Unterst\u00fctzung brauchst.<\/span><\/td>\n<\/tr>\n<\/tbody>\n<\/table>\n<p>&nbsp;<\/p>","protected":false},"excerpt":{"rendered":"<p>DU BIST HERZLICH WILLKOMMEN \u00a0einen privaten BEHANDLUNGSTERMIN auszumachen zu meiner monatlichen REIKI-KLINIK zu kommen unsere SUPPORT-LINE zu nutzen und die positiven Wirkungen von Reiki f\u00fcr Dich zu nutzen. Reiki wirkt auf allen Ebenen unseres Seins: K\u00f6rper, Geist, Seele; im Bewussten und im Unbewussten. Es erm\u00f6glicht Dir einen Zugang von der relativen, irdischen Welt in die &hellip; <a href=\"https:\/\/milvi-reiki.com\/de\/offerings\/deutsch-behandlungen\/\" class=\"more-link\"><span class=\"screen-reader-text\">Behandlungen<\/span> weiterlesen<\/a><\/p>\n","protected":false},"author":2,"featured_media":0,"parent":2859,"menu_order":1,"comment_status":"closed","ping_status":"closed","template":"","meta":{"jetpack_post_was_ever_published":false,"footnotes":""},"class_list":["post-2872","page","type-page","status-publish","hentry"],"jetpack_sharing_enabled":true,"jetpack_shortlink":"https:\/\/wp.me\/P5Ovwu-Kk","_links":{"self":[{"href":"https:\/\/milvi-reiki.com\/de\/wp-json\/wp\/v2\/pages\/2872","targetHints":{"allow":["GET"]}}],"collection":[{"href":"https:\/\/milvi-reiki.com\/de\/wp-json\/wp\/v2\/pages"}],"about":[{"href":"https:\/\/milvi-reiki.com\/de\/wp-json\/wp\/v2\/types\/page"}],"author":[{"embeddable":true,"href":"https:\/\/milvi-reiki.com\/de\/wp-json\/wp\/v2\/users\/2"}],"replies":[{"embeddable":true,"href":"https:\/\/milvi-reiki.com\/de\/wp-json\/wp\/v2\/comments?post=2872"}],"version-history":[{"count":42,"href":"https:\/\/milvi-reiki.com\/de\/wp-json\/wp\/v2\/pages\/2872\/revisions"}],"predecessor-version":[{"id":3164,"href":"https:\/\/milvi-reiki.com\/de\/wp-json\/wp\/v2\/pages\/2872\/revisions\/3164"}],"up":[{"embeddable":true,"href":"https:\/\/milvi-reiki.com\/de\/wp-json\/wp\/v2\/pages\/2859"}],"wp:attachment":[{"href":"https:\/\/milvi-reiki.com\/de\/wp-json\/wp\/v2\/media?parent=2872"}],"curies":[{"name":"wp","href":"https:\/\/api.w.org\/{rel}","templated":true}]}}