{"id":2874,"date":"2016-10-15T18:15:31","date_gmt":"2016-10-15T17:15:31","guid":{"rendered":"http:\/\/milvi-reiki.com\/?page_id=2874"},"modified":"2019-06-06T14:48:09","modified_gmt":"2019-06-06T13:48:09","slug":"deutsch-aus-und-weiterbildung","status":"publish","type":"page","link":"https:\/\/milvi-reiki.com\/de\/offerings\/deutsch-aus-und-weiterbildung\/","title":{"rendered":"Aus- und Weiterbildung"},"content":{"rendered":"<p><\/p>\n<table style=\"padding-left: 30px;\">\n<tbody style=\"padding-left: 30px;\">\n<tr style=\"padding-left: 30px;\">\n<td style=\"background-color: #44c760; padding-left: 30px; text-align: left; vertical-align: top;\" colspan=\"2\"><span style=\"color: #000000;\"> <img loading=\"lazy\" decoding=\"async\" class=\"alignright size-thumbnail wp-image-2776\" src=\"http:\/\/milvi-reiki.com\/wp-content\/uploads\/2016\/01\/Summer-retreat-150x150.jpg\" alt=\"Summer retreat\" width=\"150\" height=\"150\" srcset=\"https:\/\/milvi-reiki.com\/wp-content\/uploads\/2016\/01\/Summer-retreat-150x150.jpg 150w, https:\/\/milvi-reiki.com\/wp-content\/uploads\/2016\/01\/Summer-retreat.jpg 178w\" sizes=\"auto, (max-width: 150px) 100vw, 150px\" \/>Das gesamte System von Reiki wird im USR in 2 Stufen unterrichtet. F\u00fcr diejenigen, die den Ruf sp\u00fcren Reiki und das System Usui Shiki Ryoho zu unterrichten, gibt es au\u00dferdem die M\u00f6glichkeit Meister zu werden. Als Meister bleiben wir immer gleichzeitig Sch\u00fcler aller Einweihungsstufen.<\/span><\/p>\n<p style=\"text-align: center;\"><span style=\"color: #000000;\"><strong>DU BIST WILLKOMMEN<\/strong><\/span><\/p>\n<\/td>\n<\/tr>\n<tr>\n<td style=\"width: 300px; height: 50px; background-color: #fcd949; text-align: center; vertical-align: middle;\"><span style=\"color: #000000;\"><strong>an einem Reiki-Kurs mitzumachen<\/strong><\/span><\/td>\n<td style=\"width: 300px; height: 50px; background-color: #fae969; text-align: center; vertical-align: middle;\"><span style=\"color: #000000;\"><strong>als Reiki-praktizierender<\/strong><\/span><\/td>\n<\/tr>\n<tr>\n<td style=\"width: 300px; height: 50px; background-color: #fcd949; text-align: center; vertical-align: top;\">\n<p style=\"padding-left: 30px; text-align: left;\"><span style=\"color: #000000;\">und selbst Sch\u00fcler dieses Systems sowie Reiki-praktizierender zu werden.\u00a0In einem <strong>Reiki Kurs Erster Grad <\/strong>werden Dir die Eingangslehren des Usui Shiki Ryoho vermittelt. Du wirst dein Leben lang, zu jedem Zeitpunkt die F\u00e4higkeit haben, dich selbst und andere bewusst mit Reiki zu verbinden und die Wohltaten von Reiki zu erleben und weiterzugeben.<\/span><\/p>\n<p style=\"padding-left: 30px; text-align: left;\"><span style=\"color: #000000;\"><img loading=\"lazy\" decoding=\"async\" class=\"aligncenter wp-image-3158\" src=\"http:\/\/milvi-reiki.com\/wp-content\/uploads\/2016\/10\/Tulpen-2.jpg\" alt=\"tulpen-2\" width=\"208\" height=\"150\" \/><\/span><\/p>\n<\/td>\n<td style=\"width: 300px; height: 50px; background-color: #fae969; text-align: center; vertical-align: top;\">\n<p style=\"text-align: left; padding-left: 30px;\"><span style=\"color: #000000;\">mit anderen Reiki Sch\u00fclern oder im Selbst-studium die 4 Aspekte und 9 Elemente des Systems zu erfahren, praktizieren, vermitteln, erforschen und Dir selbst, Deiner Gemeinschaft sowie der Welt zu dienen. Es liegt nach dem Kurs an Dir, welche M\u00f6glichkeiten Du in Anspruch nehmen m\u00f6chtest. Ebenso ist es Deine Eigen-verantwortung zu praktizieren und das Gelernte anzuwenden.<\/span><span style=\"color: #000000;\"><img loading=\"lazy\" decoding=\"async\" class=\"wp-image-2300 aligncenter\" src=\"http:\/\/milvi-reiki.com\/wp-content\/uploads\/2012\/10\/Lotus1-150x150.jpg\" alt=\"Lotus\" width=\"141\" height=\"141\" \/><\/span><\/p>\n<\/td>\n<\/tr>\n<tr>\n<td style=\"width: 300px; height: 50px; background-color: #fcd949; text-align: center; vertical-align: top;\">\n<p style=\"padding-left: 30px; text-align: left;\"><span style=\"color: #000000;\"><strong>Erster Grad Reiki Kurs: <\/strong>Du erh\u00e4ltst alle Einweihungen die dieser Stufe entsprechen, lernst Handpositionen zur Selbstbehandlung und Behandlung anderer, erf\u00e4hrst \u00fcber die Reiki-Geschichte, die Reiki-Prinzipien sowie die spirituelle Linie dieses Systems. <\/span><\/p>\n<p style=\"padding-left: 30px; text-align: left;\"><span style=\"color: #000000;\">Dein Beitrag zu diesem Kurs sind 150 USD oder 150 EUR, die Offenheit die Lehren des Systems zu empfangen, die Bereitschaft Dir an 4 aufeinander-folgenden Tagen etwa 3 Stunden Zeit zu nehmen sowie auch nach dem Kurs das Gelernte anzuwenden und zu praktizieren.<\/span><\/p>\n<\/td>\n<td style=\"width: 300px; height: 50px; background-color: #fae969; text-align: center; vertical-align: top;\">\n<p style=\"padding-left: 30px; text-align: left;\"><span style=\"color: #000000;\">an<strong> w\u00f6chentlichen Reiki Treffen zum praktizieren des Ersten Grades <\/strong>teilzunehmen<strong>:<\/strong> Du verpflichtest Dich selbst dazu, \u00fcber einen Zeitraum von 3 Monaten (13 Treffen @ ca 3 Stunden) an unseren Reiki Treffen teilzunehmen und gemeinsam mit anderen Reiki-Sch\u00fclern am Fundament unserer individuellen Reiki-Praxis zu arbeiten.<\/span><\/p>\n<p style=\"padding-left: 30px; text-align: left;\"><span style=\"color: #000000;\">Es gibt Zeit Fragen zu stellen, Erfahrungen auszutauschen und zu sammeln, Reiki zu erforschen und die Vorz\u00fcge von regelm\u00e4\u00dfigen Behandlungen in einer Gruppe zu erleben. Wer m\u00f6chte ist nach Abschluss des Abends eingeladen gemeinsam den Abend mit einer Brotzeit und guten Gespr\u00e4chen ausklingen zu lassen.<\/span><\/p>\n<\/td>\n<\/tr>\n<tr style=\"padding-left: 30px;\">\n<td style=\"width: 300px; height: 50px; background-color: #fcd949; text-align: left; vertical-align: top;\">\n<p style=\"padding-left: 30px;\"><span style=\"color: #000000;\">Eine weitere, vertiefende Art sich mit Reiki zu verbinden und mit Reiki zu arbeiten wird in einem <strong>Zweiter Grad<\/strong> <strong>Reiki Kurs <\/strong>vermittelt wird.\u00a0<span style=\"font-family: inherit; font-size: inherit;\">Der Besuch dieses Kurses ist geeignet f\u00fcr Menschen, die schon einige Zeit den ersten Grad Reiki\u00a0 praktizieren und sich der Praxis verpflichtet und tief verbunden f\u00fchlen. <\/span><\/span><\/p>\n<p style=\"padding-left: 30px;\"><span style=\"color: #000000; font-family: inherit; font-size: inherit;\">Im Reiki Zweiter Grad Kurs erh\u00e4ltst Du die F\u00e4higkeit mit Reiki-Symbolen arbeiten zu k\u00f6nnen, die es u.a. erm\u00f6glichen Zeit und Raum zu \u00fcberbr\u00fccken, aus der Entfernung Reiki an alle Lebewesen und Situationen zu schicken, im Unbewussten zu arbeiten, Gewohnheiten zu behandeln und vieles mehr. <\/span><\/p>\n<p style=\"padding-left: 30px;\"><span style=\"color: #000000; font-family: inherit; font-size: inherit;\">Dein Beitrag zu diesem Kurs sind 500 USD oder 500 EUR, die Bereitschaft Dir an 3 aufeinanderfolgenden Tagen etwa 3 Stunden Zeit zu nehmen, sowie auch nach dem Kurs das Gelernte anzuwenden und zu praktizieren.<\/span><\/p>\n<\/td>\n<td style=\"width: 300px; height: 50px; background-color: #fae969; text-align: center; vertical-align: top;\">\n<p style=\"text-align: left; padding-left: 30px;\"><span style=\"color: #000000;\"><strong>Deine Zweiter Grad Reiki Praxis zu vertiefen: <\/strong>\u00dcber einen Zeitraum von 6 Monaten verpflichtest Du Dich selbst alle 21 Tage an einem Reiki Treffen teilzunehmen. (insgesamt 10 Treffen @ ca 2-3 Stunden). Voraussetzung ist die Teilnahme an einem Zweiter Grad Reiki Kurs\u00a0 und idealerweise die Teilnahme an den w\u00f6chentlichen Reiki Erster Grad Treffen.<\/span><\/p>\n<p style=\"text-align: left; padding-left: 30px;\"><span style=\"color: #000000;\"><strong>Vertiefungsseminare zu den 4 Aspekten, 9 Elementen und USR zu besuchen:<\/strong> Bitte sprich mich bei Bedarf\/ Wunsch darauf an.<\/span><\/p>\n<p><span style=\"color: #000000;\">\u00a0<\/span><\/td>\n<\/tr>\n<tr style=\"padding-left: 60px;\">\n<td style=\"width: 300px; height: 100px; padding-left: 30px; text-align: left; vertical-align: top;\" colspan=\"2\"><span style=\"color: #000000;\">Du erh\u00e4ltst nach Abschluss des jeweiligen Kurses ein <strong>Zertifikat<\/strong>, das best\u00e4tigt dass Du den Kurs besucht, sowie s\u00e4mtliche mit dem Kurs verbundenen Einweihungen und Lehren erhalten hast. Meine Kurse unterliegen den Standards und der Ethik der <a style=\"color: #000000;\" href=\"http:\/\/www.reikialliance.com.\">The Reiki Alliance<\/a>.<\/span><\/td>\n<\/tr>\n<\/tbody>\n<\/table>\n<p>&nbsp;<\/p>","protected":false},"excerpt":{"rendered":"<p>Das gesamte System von Reiki wird im USR in 2 Stufen unterrichtet. F\u00fcr diejenigen, die den Ruf sp\u00fcren Reiki und das System Usui Shiki Ryoho zu unterrichten, gibt es au\u00dferdem die M\u00f6glichkeit Meister zu werden. Als Meister bleiben wir immer gleichzeitig Sch\u00fcler aller Einweihungsstufen. DU BIST WILLKOMMEN an einem Reiki-Kurs mitzumachen als Reiki-praktizierender und selbst &hellip; <a href=\"https:\/\/milvi-reiki.com\/de\/offerings\/deutsch-aus-und-weiterbildung\/\" class=\"more-link\"><span class=\"screen-reader-text\">Aus- und Weiterbildung<\/span> weiterlesen<\/a><\/p>\n","protected":false},"author":2,"featured_media":0,"parent":2859,"menu_order":2,"comment_status":"closed","ping_status":"closed","template":"","meta":{"jetpack_post_was_ever_published":false,"footnotes":""},"class_list":["post-2874","page","type-page","status-publish","hentry"],"jetpack_sharing_enabled":true,"jetpack_shortlink":"https:\/\/wp.me\/P5Ovwu-Km","_links":{"self":[{"href":"https:\/\/milvi-reiki.com\/de\/wp-json\/wp\/v2\/pages\/2874","targetHints":{"allow":["GET"]}}],"collection":[{"href":"https:\/\/milvi-reiki.com\/de\/wp-json\/wp\/v2\/pages"}],"about":[{"href":"https:\/\/milvi-reiki.com\/de\/wp-json\/wp\/v2\/types\/page"}],"author":[{"embeddable":true,"href":"https:\/\/milvi-reiki.com\/de\/wp-json\/wp\/v2\/users\/2"}],"replies":[{"embeddable":true,"href":"https:\/\/milvi-reiki.com\/de\/wp-json\/wp\/v2\/comments?post=2874"}],"version-history":[{"count":58,"href":"https:\/\/milvi-reiki.com\/de\/wp-json\/wp\/v2\/pages\/2874\/revisions"}],"predecessor-version":[{"id":3436,"href":"https:\/\/milvi-reiki.com\/de\/wp-json\/wp\/v2\/pages\/2874\/revisions\/3436"}],"up":[{"embeddable":true,"href":"https:\/\/milvi-reiki.com\/de\/wp-json\/wp\/v2\/pages\/2859"}],"wp:attachment":[{"href":"https:\/\/milvi-reiki.com\/de\/wp-json\/wp\/v2\/media?parent=2874"}],"curies":[{"name":"wp","href":"https:\/\/api.w.org\/{rel}","templated":true}]}}