{"id":2880,"date":"2016-10-15T18:30:38","date_gmt":"2016-10-15T17:30:38","guid":{"rendered":"http:\/\/milvi-reiki.com\/?page_id=2880"},"modified":"2016-12-03T17:17:08","modified_gmt":"2016-12-03T16:17:08","slug":"deutsch-reiki-home","status":"publish","type":"page","link":"https:\/\/milvi-reiki.com\/de\/offerings\/deutsch-reiki-home\/","title":{"rendered":"Engagement"},"content":{"rendered":"<p><\/p>\n<table style=\"background-color: #d1cfcf;\">\n<tbody>\n<tr>\n<td>\n<p style=\"padding-left: 30px;\"><span style=\"color: #000000;\"><strong><img loading=\"lazy\" decoding=\"async\" class=\"size-thumbnail wp-image-2512 alignleft\" src=\"http:\/\/milvi-reiki.com\/wp-content\/uploads\/2011\/01\/Reiki-H\u00e4nde-150x150.jpg\" alt=\"Reiki H\u00e4nde\" width=\"150\" height=\"150\" \/>Dich aktiv f\u00fcr Reiki Home und damit f\u00fcr eine \u201eNeue Weltordnung\u201c einsetzen:<\/strong>\u00a0Reiki Home ist eine Bewegung der sich jeder anschlie\u00dfen kann, ob Reiki-Sch\u00fcler oder nicht. Es ist ein Ruf den viele in uns versp\u00fcren und den die Reiki Foundation International (RFI) verwirklichen\/ Materialisieren m\u00f6chte. \u00a0<\/span><span style=\"color: #000000;\">Dieser Ruf wurde in den Jahren 2008-2010 klar von der Reiki Gemeinschaft auf den OGM-Retreats (OGM= <a href=\"http:\/\/www.usuishikiryohoreiki.com\">Office of the Grandmaster<\/a>=B\u00fcro\/Amt des Gro\u00dfmeisters ) empfangen. <\/span><\/p>\n<p style=\"padding-left: 30px;\"><span style=\"color: #000000;\">Nachdem sich die RFI, eine gemeinnutzige Organisation in den USA als Gef\u00e4\u00df oder Vehikel zur Umsetzung dieses Traums angeboten hat, ist viel passiert.<\/span><\/p>\n<p style=\"padding-left: 30px;\"><span style=\"color: #000000;\">In Zusammenarbeit mit Regenesis, einer Gruppe in den USA die sich auf regeneratives Denken und Handeln spezialisiert hat, arbeitet die RFI daran auf Reiki-Weise unseren Planeten, unseren Gemeinschaften, allen Lebewesen und uns selbst Frieden, Heilung, Liebe, Freude- einen Ruhepol, kurzum ein zu Hause zu schenken. Es ist der Traum der RFI eines Tages ein physisches Zentrum zu haben, ein Ort der als Vorbild dient f\u00fcr das was wir Reiki Home nennen.<\/span><\/p>\n<p style=\"padding-left: 30px;\"><span style=\"color: #000000;\">Derzeit bietet die Organisation der weltweiten Gemeinschaft die M\u00f6glichkeit sich virtuell zu treffen, sowie an Veranstaltungen und Seminaren teilzunehmen. Es gibt auch die M\u00f6glichkeit sich ehrenamtlich innerhalb der Organisation zu engagieren.<\/span><\/p>\n<p style=\"padding-left: 30px;\"><span style=\"color: #000000;\">Ein Auszug aus Projekte an denen derzeit gearbeitet wird sind: Archive, Akademie, Kommunikation, physischer Ort, sprachliche \u00dcbersetzung, Heilzentrum, Ausbildung in regenerativen Methoden, Verbindung untereinander, \u00d6ffentlichkeitsarbeit \u2026und und und..Deine W\u00fcnsche und Ideen sind willkommen.<\/span><br \/>\n<span style=\"color: #000000;\"> Ich spende einen Teil meiner eigenen Einnahmen an diese Organisation, bin selbst seit 2011 in vielen Teams aktiv und seit 2014\/15 ehrenamtliches Mitglied des Vorstandes und Gesch\u00e4ftsf\u00fchrerin der RFI. weitere Informationen findest du unter<a href=\"http:\/\/www.reikihome.org\"> www.reikihome.org<\/a><\/span><\/p>\n<p>&nbsp;<\/td>\n<\/tr>\n<\/tbody>\n<\/table>\n<p>&nbsp;<\/p>","protected":false},"excerpt":{"rendered":"<p>Dich aktiv f\u00fcr Reiki Home und damit f\u00fcr eine \u201eNeue Weltordnung\u201c einsetzen:\u00a0Reiki Home ist eine Bewegung der sich jeder anschlie\u00dfen kann, ob Reiki-Sch\u00fcler oder nicht. Es ist ein Ruf den viele in uns versp\u00fcren und den die Reiki Foundation International (RFI) verwirklichen\/ Materialisieren m\u00f6chte. \u00a0Dieser Ruf wurde in den Jahren 2008-2010 klar von der Reiki &hellip; <a href=\"https:\/\/milvi-reiki.com\/de\/offerings\/deutsch-reiki-home\/\" class=\"more-link\"><span class=\"screen-reader-text\">Engagement<\/span> weiterlesen<\/a><\/p>\n","protected":false},"author":2,"featured_media":0,"parent":2859,"menu_order":4,"comment_status":"closed","ping_status":"closed","template":"","meta":{"jetpack_post_was_ever_published":false,"footnotes":""},"class_list":["post-2880","page","type-page","status-publish","hentry"],"jetpack_sharing_enabled":true,"jetpack_shortlink":"https:\/\/wp.me\/P5Ovwu-Ks","_links":{"self":[{"href":"https:\/\/milvi-reiki.com\/de\/wp-json\/wp\/v2\/pages\/2880","targetHints":{"allow":["GET"]}}],"collection":[{"href":"https:\/\/milvi-reiki.com\/de\/wp-json\/wp\/v2\/pages"}],"about":[{"href":"https:\/\/milvi-reiki.com\/de\/wp-json\/wp\/v2\/types\/page"}],"author":[{"embeddable":true,"href":"https:\/\/milvi-reiki.com\/de\/wp-json\/wp\/v2\/users\/2"}],"replies":[{"embeddable":true,"href":"https:\/\/milvi-reiki.com\/de\/wp-json\/wp\/v2\/comments?post=2880"}],"version-history":[{"count":24,"href":"https:\/\/milvi-reiki.com\/de\/wp-json\/wp\/v2\/pages\/2880\/revisions"}],"predecessor-version":[{"id":3245,"href":"https:\/\/milvi-reiki.com\/de\/wp-json\/wp\/v2\/pages\/2880\/revisions\/3245"}],"up":[{"embeddable":true,"href":"https:\/\/milvi-reiki.com\/de\/wp-json\/wp\/v2\/pages\/2859"}],"wp:attachment":[{"href":"https:\/\/milvi-reiki.com\/de\/wp-json\/wp\/v2\/media?parent=2880"}],"curies":[{"name":"wp","href":"https:\/\/api.w.org\/{rel}","templated":true}]}}