{"id":2898,"date":"2016-10-15T21:24:43","date_gmt":"2016-10-15T20:24:43","guid":{"rendered":"http:\/\/milvi-reiki.com\/?page_id=2898"},"modified":"2019-06-06T09:47:20","modified_gmt":"2019-06-06T08:47:20","slug":"contribution-fees","status":"publish","type":"page","link":"https:\/\/milvi-reiki.com\/de\/offerings\/contribution-fees\/","title":{"rendered":"Beitr\u00e4ge\/Honorar"},"content":{"rendered":"<p><\/p>\n<table style=\"background-color: #216e14;\">\n<tbody>\n<tr>\n<td style=\"padding-left: 30px;\">\u00a0<img loading=\"lazy\" decoding=\"async\" class=\"size-thumbnail wp-image-2308 alignleft\" src=\"http:\/\/milvi-reiki.com\/wp-content\/uploads\/2012\/10\/Wasserfall-150x150.jpg\" alt=\"Wasserfall\" width=\"150\" height=\"150\" \/><\/p>\n<p><span style=\"color: #ffffff;\">Nachfolgend findest Du den gew\u00fcnschten Beitrag, den Du mir\/uns geben kannst um unsere Arbeit zu unterst\u00fctzen und zu erm\u00f6glichen. Dein Beitrag ist zu Beginn der Inanspruchnahme eines Angebots f\u00e4llig. Alternative, nicht-monet\u00e4re Beitr\u00e4ge sowie Ratenzahlungen sind nach R\u00fccksprache mit mir m\u00f6glich. Alle Termine erf\u00e4hrst Du auf Anfrage.<\/span><\/td>\n<\/tr>\n<\/tbody>\n<\/table>\n<table style=\"width: 622px;\">\n<tbody>\n<tr>\n<td style=\"width: 123px;\"><a href=\"http:\/\/milvi-reiki.com\/offerings\/deutsch-behandlungen\/\"><span style=\"color: #000000;\">Reiki Behandlung<\/span><\/a><\/td>\n<td style=\"width: 479px;\"><span style=\"color: #000000;\">ca 1-1,5 Stunden, 50 USD oder 50 EURO<\/span><\/td>\n<\/tr>\n<tr>\n<td style=\"width: 123px;\"><span style=\"color: #000000;\"><a href=\"http:\/\/milvi-reiki.com\/offerings\/deutsch-behandlungen\/\">Reiki-Klinik<\/a><\/span><\/td>\n<td style=\"width: 479px;\"><span style=\"color: #000000;\">auf Spendenbasis, empfohlener Beitrag: 15 EURO bis 50 EURO<\/span><\/td>\n<\/tr>\n<tr>\n<td style=\"width: 123px;\"><span style=\"color: #000000;\"><a href=\"http:\/\/milvi-reiki.com\/offerings\/deutsch-behandlungen\/\">Support-Line<\/a><\/span><\/td>\n<td style=\"width: 479px;\"><span style=\"color: #000000;\">auf Spendenbasis, empfohlener Beitrag: 15 EURO bis 50 EURO<\/span><\/td>\n<\/tr>\n<tr>\n<td style=\"width: 123px;\"><span style=\"color: #000000;\"><a href=\"http:\/\/milvi-reiki.com\/offerings\/deutsch-aus-und-weiterbildung\/\">Reiki Unterricht Erster Grad<\/a><\/span><\/td>\n<td style=\"width: 479px;\"><span style=\"color: #000000;\">150 USD oder 150 EUR<\/span><\/td>\n<\/tr>\n<tr>\n<td style=\"width: 123px;\"><span style=\"color: #000000;\"><a href=\"http:\/\/milvi-reiki.com\/offerings\/deutsch-aus-und-weiterbildung\/\">Reiki Unterricht Zweiter Grad<\/a><\/span><\/td>\n<td style=\"width: 479px;\"><span style=\"color: #000000;\">500 USD oder 500 EUR<\/span><\/td>\n<\/tr>\n<tr>\n<td style=\"width: 123px;\"><span style=\"color: #000000;\"><a href=\"http:\/\/milvi-reiki.com\/offerings\/deutsch-aus-und-weiterbildung\/\">Reiki Erster Grad Vertiefung<\/a><\/span><\/td>\n<td style=\"width: 479px;\"><span style=\"color: #000000;\">13 Treffen @ 2-3 Stunden innerhalb von 3 Monaten gesamt 150 USD oder 150 EUR<\/span><\/td>\n<\/tr>\n<tr>\n<td style=\"width: 123px;\"><span style=\"color: #000000;\"><a href=\"http:\/\/milvi-reiki.com\/offerings\/deutsch-aus-und-weiterbildung\/\">Reiki Zweiter Grad Vertiefung<\/a><\/span><\/td>\n<td style=\"width: 479px;\"><span style=\"color: #000000;\">10 Treffen @ 2-3 Stunden innerhalb von 6 Monaten gesamt 500 USD oder 500 EUR\u00a0<\/span><\/td>\n<\/tr>\n<tr>\n<td style=\"width: 123px;\"><span style=\"color: #000000;\"><a href=\"http:\/\/milvi-reiki.com\/offerings\/deutsch-veranstaltungen\/\">Reiki Retreats, Events<\/a><\/span><\/td>\n<td style=\"width: 479px;\"><span style=\"color: #000000;\">auf Anfrage<\/span><\/td>\n<\/tr>\n<\/tbody>\n<\/table>\n<p>Du kannst Deinen Beitrag \u00fcber den &#8222;donate &#8220; -link rechts unten auf dieser Seite, in Bar oder via \u00dcberweisung an folgende Bank leisten:<\/p>\n<p>Reiki Kodu O\u00dc<br \/>\nSEB Bank Estland<br \/>\nIBAN: EE391010220250980229<br \/>\nSwift Code (BIC):\u00a0EEUHEE2X<\/p>","protected":false},"excerpt":{"rendered":"<p>\u00a0 Nachfolgend findest Du den gew\u00fcnschten Beitrag, den Du mir\/uns geben kannst um unsere Arbeit zu unterst\u00fctzen und zu erm\u00f6glichen. Dein Beitrag ist zu Beginn der Inanspruchnahme eines Angebots f\u00e4llig. Alternative, nicht-monet\u00e4re Beitr\u00e4ge sowie Ratenzahlungen sind nach R\u00fccksprache mit mir m\u00f6glich. Alle Termine erf\u00e4hrst Du auf Anfrage. Reiki Behandlung ca 1-1,5 Stunden, 50 USD oder &hellip; <a href=\"https:\/\/milvi-reiki.com\/de\/offerings\/contribution-fees\/\" class=\"more-link\"><span class=\"screen-reader-text\">Beitr\u00e4ge\/Honorar<\/span> weiterlesen<\/a><\/p>\n","protected":false},"author":2,"featured_media":0,"parent":2859,"menu_order":5,"comment_status":"closed","ping_status":"closed","template":"","meta":{"jetpack_post_was_ever_published":false,"footnotes":""},"class_list":["post-2898","page","type-page","status-publish","hentry"],"jetpack_sharing_enabled":true,"jetpack_shortlink":"https:\/\/wp.me\/P5Ovwu-KK","_links":{"self":[{"href":"https:\/\/milvi-reiki.com\/de\/wp-json\/wp\/v2\/pages\/2898","targetHints":{"allow":["GET"]}}],"collection":[{"href":"https:\/\/milvi-reiki.com\/de\/wp-json\/wp\/v2\/pages"}],"about":[{"href":"https:\/\/milvi-reiki.com\/de\/wp-json\/wp\/v2\/types\/page"}],"author":[{"embeddable":true,"href":"https:\/\/milvi-reiki.com\/de\/wp-json\/wp\/v2\/users\/2"}],"replies":[{"embeddable":true,"href":"https:\/\/milvi-reiki.com\/de\/wp-json\/wp\/v2\/comments?post=2898"}],"version-history":[{"count":32,"href":"https:\/\/milvi-reiki.com\/de\/wp-json\/wp\/v2\/pages\/2898\/revisions"}],"predecessor-version":[{"id":3433,"href":"https:\/\/milvi-reiki.com\/de\/wp-json\/wp\/v2\/pages\/2898\/revisions\/3433"}],"up":[{"embeddable":true,"href":"https:\/\/milvi-reiki.com\/de\/wp-json\/wp\/v2\/pages\/2859"}],"wp:attachment":[{"href":"https:\/\/milvi-reiki.com\/de\/wp-json\/wp\/v2\/media?parent=2898"}],"curies":[{"name":"wp","href":"https:\/\/api.w.org\/{rel}","templated":true}]}}