{"id":2848,"date":"2016-10-15T14:44:33","date_gmt":"2016-10-15T13:44:33","guid":{"rendered":"http:\/\/milvi-reiki.com\/?page_id=2848"},"modified":"2026-05-08T20:50:17","modified_gmt":"2026-05-08T19:50:17","slug":"welcome-willkommen-tere-tulemast","status":"publish","type":"page","link":"https:\/\/milvi-reiki.com\/et\/","title":{"rendered":"Tere tulemast! Welcome! Willkommen!"},"content":{"rendered":"<p><img loading=\"lazy\" decoding=\"async\" class=\"alignleft wp-image-3232\" src=\"https:\/\/milvi-reiki.com\/wp-content\/uploads\/2016\/10\/usr-kanji.bmp\" alt=\"\" width=\"55\" height=\"152\" \/>Usui loodusliku tervendamise s\u00fcsteem (Usui Shiki Ryoho) on tervendamiskunst ja -\u00f5petus, mille avastas jaapani munk ja \u00f5petlane Mikao Usui 20. sajandi alguses ja on sellest ajast peale edasi arendatud. Mikao Usui nimetas j\u00f5udu, millele ta juurdep\u00e4\u00e4su leidis, Reiki\u2019ks, mida v\u00f5ib t\u00f5lkida kui universaalset eluenergiat.<\/p>\n<p><img loading=\"lazy\" decoding=\"async\" class=\"alignright\" src=\"https:\/\/i.pinimg.com\/736x\/4e\/9c\/65\/4e9c65c9b22e5c6cee168919e91c92a9.jpg\" alt=\"Kanji symbol for Reiki\" width=\"86\" height=\"155\" \/>Reiki energia on meile inimestele n\u00e4htamatu, m\u00f5istetamatu ja uskumatult v\u00f5imas. See tugevdab enese-tervendamisv\u00f5imet, annab energiat ja ravib f\u00fc\u00fcsilisel, vaimsel, hingelisel ja vaimsel tasandil. K\u00e4te pealepanemisega saab Reiki praktiseerija ravida selle j\u00f5uga nii ennast kui ka teisi ning toetada neid nende individuaalsel tervendamise teel.<\/p>\n<p>V\u00f5ime Reiki abil ravida antakse Reiki kursustel edasi Reiki meistri poolt Reiki \u00f5pilasele ja tulevasele Reiki praktiseerijale p\u00fchitsuse kaudu.<\/p>\n<p><img loading=\"lazy\" decoding=\"async\" class=\"alignleft wp-image-2684\" src=\"https:\/\/milvi-reiki.com\/wp-content\/uploads\/2015\/01\/Astrid-MIlvi-Bagwitz-225x300.jpg\" alt=\"\" width=\"75\" height=\"100\" \/><\/p>\n<p>Ma praktiseerin ja \u00f5petan Reiki ning Usui loodusliku tervendamise s\u00fcsteemi vastavalt <a href=\"http:\/\/www.reikialliance.com\">The Reiki Alliance<\/a>&#8217;i suunistele. Reiki ravi, kursuste v\u00f5i vahetuse ajakava ning \u00fcldised p\u00e4ringud on k\u00f5ige parem <strong><a href=\"https:\/\/milvi-reiki.com\/et\/contact\/\">kontaktivorm<\/a><\/strong> kasutada. Telefonil olen k\u00e4ttesaadav numbril 00372 53506547.<\/p>","protected":false},"excerpt":{"rendered":"<p>Usui loodusliku tervendamise s\u00fcsteem (Usui Shiki Ryoho) on tervendamiskunst ja -\u00f5petus, mille avastas jaapani munk ja \u00f5petlane Mikao Usui 20. sajandi alguses ja on sellest ajast peale edasi arendatud. Mikao Usui nimetas j\u00f5udu, millele ta juurdep\u00e4\u00e4su leidis, Reiki\u2019ks, mida v\u00f5ib t\u00f5lkida kui universaalset eluenergiat. Reiki energia on meile inimestele n\u00e4htamatu, m\u00f5istetamatu ja uskumatult v\u00f5imas. See &hellip; <a href=\"https:\/\/milvi-reiki.com\/et\/\" class=\"more-link\">Loe edasi: <span class=\"screen-reader-text\">Tere tulemast! Welcome! Willkommen!<\/span><\/a><\/p>\n","protected":false},"author":2,"featured_media":0,"parent":0,"menu_order":0,"comment_status":"closed","ping_status":"closed","template":"","meta":{"jetpack_post_was_ever_published":false,"footnotes":""},"class_list":["post-2848","page","type-page","status-publish","hentry"],"jetpack_sharing_enabled":false,"jetpack_shortlink":"https:\/\/wp.me\/P5Ovwu-JW","_links":{"self":[{"href":"https:\/\/milvi-reiki.com\/et\/wp-json\/wp\/v2\/pages\/2848","targetHints":{"allow":["GET"]}}],"collection":[{"href":"https:\/\/milvi-reiki.com\/et\/wp-json\/wp\/v2\/pages"}],"about":[{"href":"https:\/\/milvi-reiki.com\/et\/wp-json\/wp\/v2\/types\/page"}],"author":[{"embeddable":true,"href":"https:\/\/milvi-reiki.com\/et\/wp-json\/wp\/v2\/users\/2"}],"replies":[{"embeddable":true,"href":"https:\/\/milvi-reiki.com\/et\/wp-json\/wp\/v2\/comments?post=2848"}],"version-history":[{"count":106,"href":"https:\/\/milvi-reiki.com\/et\/wp-json\/wp\/v2\/pages\/2848\/revisions"}],"predecessor-version":[{"id":3520,"href":"https:\/\/milvi-reiki.com\/et\/wp-json\/wp\/v2\/pages\/2848\/revisions\/3520"}],"wp:attachment":[{"href":"https:\/\/milvi-reiki.com\/et\/wp-json\/wp\/v2\/media?parent=2848"}],"curies":[{"name":"wp","href":"https:\/\/api.w.org\/{rel}","templated":true}]}}