{"id":2857,"date":"2016-10-15T15:16:39","date_gmt":"2016-10-15T14:16:39","guid":{"rendered":"http:\/\/milvi-reiki.com\/?page_id=2857"},"modified":"2019-05-28T13:00:31","modified_gmt":"2019-05-28T12:00:31","slug":"reiki","status":"publish","type":"page","link":"https:\/\/milvi-reiki.com\/et\/offerings\/reiki\/","title":{"rendered":"Mis on REIKI?"},"content":{"rendered":"<p><\/p>\n<p style=\"text-align: center; padding-left: 30px;\"><strong>&#8220;See on meetod, mis juhatab saladusteni, kuidas teha \u00f5nn Reiki k\u00fcllusliku \u00fcnnistuse abil oma saatjaks, see on vaimne ravim k\u00f5igi kannatuste korral&#8230;&#8221;<\/strong><\/p>\n<h6 style=\"text-align: center; padding-left: 30px;\"><em>&#8211; Allikas: Epitaaf \u00f5petuse rajaja Mikao Usui hauakivit-<\/em><\/h6>\n<div class=\"entry-content\">\n<p><img loading=\"lazy\" decoding=\"async\" class=\"wp-image-1069 alignleft\" src=\"http:\/\/milvi-reiki.com\/wp-content\/uploads\/2011\/01\/reiki_kanji1-176x300.jpg\" alt=\"\" width=\"92\" height=\"157\" \/><\/p>\n<p style=\"text-align: left; padding-left: 90px;\">Reiki on Jaapanist\u00a0 p\u00e4rit m\u00f5iste, mille \u00fcks v\u00f5imalik t\u00f5lge on \u201euniversaalne eluenergia\u201c. Selle m\u00f5iste juurutas Mikao Usui, et kirjeldada energiat, millega ta oli sidunud end p\u00e4rast aastatepikkust p\u00fchendunud eelt\u00f6\u00f6d iseendaga.<\/p>\n<p style=\"text-align: left; padding-left: 30px;\">J\u00e4rgnev Reiki kirjeldus p\u00e4rineb Hawayo Takata p\u00e4evikust 1935. a, ajast, mil Takata alustas \u00f5pinguid Chujiro Hayashi juures:<\/p>\n<p style=\"text-align: center; padding-left: 90px;\"><strong>\u201eSee j\u00f5ud on kujuteldamatu, m\u00f5\u00f5tmatu ning universaalse eluenergiana on see inimesele m\u00f5istetamatu.\u201c<\/strong><\/p>\n<p>Usui Shiki Ryoho Reiki (USR), on spetsiifiline praktiseerimise vorm, mis v\u00f5imaldab seda j\u00e4rgivail \u00f5pilastel kas iseend v\u00f5i teisi tervendades lihtsalt k\u00e4te pealepanemise teel olla \u00fchenduses Reiki-energiaga. Selle praktika s\u00fcsteemi kirjeldavad 4 aspekti, 9 elementi ning Mikao Usui, Chujiro Hayashi, Hawayo Takata, Phyllis Furumoto ja Johannes Reindl \u00f5petused.<\/p>\n<p>Vabas t\u00f5lkes inglise keelest on<\/p>\n<p>4 aspekti:<br \/>\ntervenduspraktika, isiklik areng, vaimne dsitsipliin ja m\u00fcstiline ordu v\u00f5i m\u00fcstiline kord.<\/p>\n<p>9 elementi:<br \/>\n\u00f5ppet\u00f6\u00f6 vorm, ajalugu, p\u00fchitsus, raha, suuline traditsioon, reeglid, vaimne liin, s\u00fcmbolid, tervendamine.<\/p>\n<p>allikas:\u00a0<a href=\"http:\/\/www.usuishikiryohoreiki.com\/\">www.usuishikiryohoreiki.com<\/a><\/p>\n<\/div>\n<p><\/p>","protected":false},"excerpt":{"rendered":"<p>&#8220;See on meetod, mis juhatab saladusteni, kuidas teha \u00f5nn Reiki k\u00fcllusliku \u00fcnnistuse abil oma saatjaks, see on vaimne ravim k\u00f5igi kannatuste korral&#8230;&#8221; &#8211; Allikas: Epitaaf \u00f5petuse rajaja Mikao Usui hauakivit- Reiki on Jaapanist\u00a0 p\u00e4rit m\u00f5iste, mille \u00fcks v\u00f5imalik t\u00f5lge on \u201euniversaalne eluenergia\u201c. Selle m\u00f5iste juurutas Mikao Usui, et kirjeldada energiat, millega ta oli sidunud end &hellip; <a href=\"https:\/\/milvi-reiki.com\/et\/offerings\/reiki\/\" class=\"more-link\">Loe edasi: <span class=\"screen-reader-text\">Mis on REIKI?<\/span><\/a><\/p>\n","protected":false},"author":2,"featured_media":0,"parent":2859,"menu_order":0,"comment_status":"closed","ping_status":"closed","template":"","meta":{"jetpack_post_was_ever_published":false,"footnotes":""},"class_list":["post-2857","page","type-page","status-publish","hentry"],"jetpack_sharing_enabled":true,"jetpack_shortlink":"https:\/\/wp.me\/P5Ovwu-K5","_links":{"self":[{"href":"https:\/\/milvi-reiki.com\/et\/wp-json\/wp\/v2\/pages\/2857","targetHints":{"allow":["GET"]}}],"collection":[{"href":"https:\/\/milvi-reiki.com\/et\/wp-json\/wp\/v2\/pages"}],"about":[{"href":"https:\/\/milvi-reiki.com\/et\/wp-json\/wp\/v2\/types\/page"}],"author":[{"embeddable":true,"href":"https:\/\/milvi-reiki.com\/et\/wp-json\/wp\/v2\/users\/2"}],"replies":[{"embeddable":true,"href":"https:\/\/milvi-reiki.com\/et\/wp-json\/wp\/v2\/comments?post=2857"}],"version-history":[{"count":26,"href":"https:\/\/milvi-reiki.com\/et\/wp-json\/wp\/v2\/pages\/2857\/revisions"}],"predecessor-version":[{"id":3361,"href":"https:\/\/milvi-reiki.com\/et\/wp-json\/wp\/v2\/pages\/2857\/revisions\/3361"}],"up":[{"embeddable":true,"href":"https:\/\/milvi-reiki.com\/et\/wp-json\/wp\/v2\/pages\/2859"}],"wp:attachment":[{"href":"https:\/\/milvi-reiki.com\/et\/wp-json\/wp\/v2\/media?parent=2857"}],"curies":[{"name":"wp","href":"https:\/\/api.w.org\/{rel}","templated":true}]}}