{"id":2859,"date":"2016-10-15T15:47:30","date_gmt":"2016-10-15T14:47:30","guid":{"rendered":"http:\/\/milvi-reiki.com\/?page_id=2859"},"modified":"2016-11-26T15:20:37","modified_gmt":"2016-11-26T14:20:37","slug":"offerings","status":"publish","type":"page","link":"https:\/\/milvi-reiki.com\/et\/offerings\/","title":{"rendered":"Pakkumised"},"content":{"rendered":"<p>Nende piltide ja pealkirjade alt leiad l\u00fchikirjeldused minu pakkumistest Sulle. <a href=\"http:\/\/milvi-reiki.com\/contact\/\">Kirjuta<\/a> mulle v\u00f5i v\u00f5ta \u00fchendust <a href=\"https:\/\/www.facebook.com\/milvireiki\/\">Facebook\u1fbdis <\/a>, et rohkem teada saada v\u00f5i kui Sul on soov pakutus osaleda. V\u00f5id mulle ka helistada telefonil +372 3857340.<\/p>\n<table>\n<tbody>\n<tr>\n<td style=\"width: 100px; height: 100px; text-align: center;\"><strong><span style=\"color: #000000;\"><a href=\"http:\/\/milvi-reiki.com\/offerings\/deutsch-behandlungen\/\">TERVENDUS<\/a><br \/>\n<\/span><\/strong><\/td>\n<td style=\"width: 100px; height: 100px; text-align: center;\"><span style=\"color: #000000;\"><b><a href=\"http:\/\/milvi-reiki.com\/offerings\/deutsch-aus-und-weiterbildung\/\">KOOLITUS<\/a><br \/>\n<\/b><\/span><\/td>\n<td style=\"width: 100px; height: 100px; text-align: center;\"><span style=\"color: #000000;\"><b><strong><u><a href=\"http:\/\/milvi-reiki.com\/offerings\/deutsch-veranstaltungen\/\">ETTEV\u00d5TMISED<\/a><\/u><\/strong><\/b><\/span><\/td>\n<td style=\"width: 100px; height: 100px; text-align: center;\"><a href=\"http:\/\/milvi-reiki.com\/offerings\/deutsch-reiki-home\/\"><strong><span style=\"color: #000000;\"><strong><u>MAAILMA HEAKS<\/u><\/strong><\/span><\/strong><\/a><\/td>\n<td style=\"width: 100px; height: 100px; text-align: center;\"><a href=\"http:\/\/milvi-reiki.com\/offerings\/contribution-fees\/\"><strong><span style=\"color: #000000;\"><strong>PANUS\/ HONORAR<\/strong><br \/>\n<\/span><\/strong><\/a><\/td>\n<\/tr>\n<tr>\n<td style=\"width: 100px; height: 100px; text-align: center;\"><a href=\"http:\/\/milvi-reiki.com\/offerings\/deutsch-behandlungen\/\"><img loading=\"lazy\" decoding=\"async\" class=\"alignleft wp-image-2664 size-thumbnail\" src=\"http:\/\/milvi-reiki.com\/wp-content\/uploads\/2015\/01\/images-150x150.jpg\" alt=\"images\" width=\"150\" height=\"150\" \/><\/a><\/td>\n<td style=\"width: 100px; height: 100px; text-align: center;\"><a href=\"http:\/\/milvi-reiki.com\/offerings\/deutsch-aus-und-weiterbildung\/\"><img loading=\"lazy\" decoding=\"async\" class=\"alignright size-thumbnail wp-image-2776\" src=\"http:\/\/milvi-reiki.com\/wp-content\/uploads\/2016\/01\/Summer-retreat-150x150.jpg\" alt=\"Summer retreat\" width=\"150\" height=\"150\" srcset=\"https:\/\/milvi-reiki.com\/wp-content\/uploads\/2016\/01\/Summer-retreat-150x150.jpg 150w, https:\/\/milvi-reiki.com\/wp-content\/uploads\/2016\/01\/Summer-retreat.jpg 178w\" sizes=\"auto, (max-width: 150px) 100vw, 150px\" \/><\/a><\/td>\n<td style=\"width: 100px; height: 100px; text-align: center;\"><a href=\"http:\/\/milvi-reiki.com\/offerings\/deutsch-veranstaltungen\/\"><img loading=\"lazy\" decoding=\"async\" class=\"alignleft wp-image-2303 size-thumbnail\" src=\"http:\/\/milvi-reiki.com\/wp-content\/uploads\/2012\/10\/D\u00e4mmerung-150x150.jpg\" alt=\"D\u00e4mmerung\" width=\"150\" height=\"150\" \/><\/a><\/td>\n<td style=\"width: 100px; height: 100px; text-align: center;\"><a href=\"http:\/\/milvi-reiki.com\/offerings\/deutsch-reiki-home\/\"><img loading=\"lazy\" decoding=\"async\" class=\"size-thumbnail wp-image-2512 aligncenter\" src=\"http:\/\/milvi-reiki.com\/wp-content\/uploads\/2011\/01\/Reiki-H\u00e4nde-150x150.jpg\" alt=\"Reiki H\u00e4nde\" width=\"150\" height=\"150\" \/><\/a><\/td>\n<td style=\"width: 100px; height: 100px; text-align: center;\"><a href=\"http:\/\/milvi-reiki.com\/offerings\/contribution-fees\/\"><img loading=\"lazy\" decoding=\"async\" class=\"size-thumbnail wp-image-2308 aligncenter\" src=\"http:\/\/milvi-reiki.com\/wp-content\/uploads\/2012\/10\/Wasserfall-150x150.jpg\" alt=\"Wasserfall\" width=\"150\" height=\"150\" \/><\/a><\/td>\n<\/tr>\n<tr>\n<td style=\"width: 100px; height: 100px; text-align: left;\">\n<ul>\n<li>Reiki-seansid<\/li>\n<li>Reiki-kliinik<\/li>\n<li>Tugiliin<\/li>\n<\/ul>\n<\/td>\n<td style=\"width: 100px; height: 100px; text-align: left;\">\n<ul>\n<li>Kursused<\/li>\n<li>Seminarid<\/li>\n<li>T\u00f6\u00f6toad<\/li>\n<\/ul>\n<\/td>\n<td style=\"width: 100px; height: 100px; text-align: left;\">\n<ul>\n<li>Kohtumised<\/li>\n<li>Retriidid<\/li>\n<li>Festivalid<\/li>\n<li>Reisid<\/li>\n<\/ul>\n<\/td>\n<td style=\"width: 100px; height: 100px; text-align: left;\">\n<ul>\n<li>Reiki Home<\/li>\n<li>Kohalikud projektid<\/li>\n<\/ul>\n<\/td>\n<td style=\"width: 100px; height: 100px; text-align: left;\">\n<ul>\n<li>Panused\/ honorarid, mis teevad meie t\u00f6\u00f6 v\u00f5imalikuks<\/li>\n<\/ul>\n<\/td>\n<\/tr>\n<\/tbody>\n<\/table>\n<p><\/p>","protected":false},"excerpt":{"rendered":"<p>Nende piltide ja pealkirjade alt leiad l\u00fchikirjeldused minu pakkumistest Sulle. Kirjuta mulle v\u00f5i v\u00f5ta \u00fchendust Facebook\u1fbdis , et rohkem teada saada v\u00f5i kui Sul on soov pakutus osaleda. V\u00f5id mulle ka helistada telefonil +372 3857340. TERVENDUS KOOLITUS ETTEV\u00d5TMISED MAAILMA HEAKS PANUS\/ HONORAR Reiki-seansid Reiki-kliinik Tugiliin Kursused Seminarid T\u00f6\u00f6toad Kohtumised Retriidid Festivalid Reisid Reiki Home Kohalikud &hellip; <a href=\"https:\/\/milvi-reiki.com\/et\/offerings\/\" class=\"more-link\">Loe edasi: <span class=\"screen-reader-text\">Pakkumised<\/span><\/a><\/p>\n","protected":false},"author":2,"featured_media":0,"parent":0,"menu_order":1,"comment_status":"closed","ping_status":"closed","template":"","meta":{"jetpack_post_was_ever_published":false,"footnotes":""},"class_list":["post-2859","page","type-page","status-publish","hentry"],"jetpack_sharing_enabled":true,"jetpack_shortlink":"https:\/\/wp.me\/P5Ovwu-K7","_links":{"self":[{"href":"https:\/\/milvi-reiki.com\/et\/wp-json\/wp\/v2\/pages\/2859","targetHints":{"allow":["GET"]}}],"collection":[{"href":"https:\/\/milvi-reiki.com\/et\/wp-json\/wp\/v2\/pages"}],"about":[{"href":"https:\/\/milvi-reiki.com\/et\/wp-json\/wp\/v2\/types\/page"}],"author":[{"embeddable":true,"href":"https:\/\/milvi-reiki.com\/et\/wp-json\/wp\/v2\/users\/2"}],"replies":[{"embeddable":true,"href":"https:\/\/milvi-reiki.com\/et\/wp-json\/wp\/v2\/comments?post=2859"}],"version-history":[{"count":47,"href":"https:\/\/milvi-reiki.com\/et\/wp-json\/wp\/v2\/pages\/2859\/revisions"}],"predecessor-version":[{"id":3182,"href":"https:\/\/milvi-reiki.com\/et\/wp-json\/wp\/v2\/pages\/2859\/revisions\/3182"}],"wp:attachment":[{"href":"https:\/\/milvi-reiki.com\/et\/wp-json\/wp\/v2\/media?parent=2859"}],"curies":[{"name":"wp","href":"https:\/\/api.w.org\/{rel}","templated":true}]}}