{"id":2872,"date":"2016-10-15T18:05:38","date_gmt":"2016-10-15T17:05:38","guid":{"rendered":"http:\/\/milvi-reiki.com\/?page_id=2872"},"modified":"2016-11-26T14:07:28","modified_gmt":"2016-11-26T13:07:28","slug":"deutsch-behandlungen","status":"publish","type":"page","link":"https:\/\/milvi-reiki.com\/et\/offerings\/deutsch-behandlungen\/","title":{"rendered":"Tervendus"},"content":{"rendered":"<p><\/p>\n<table style=\"width: 624px;\">\n<tbody>\n<tr>\n<td style=\"width: 600px; height: 25px; background-color: #7dabfa; text-align: center;\" colspan=\"3\"><span style=\"color: #000000;\"><strong>OLED S\u00dcDAMEST OODATUD<\/strong><\/span><\/td>\n<\/tr>\n<tr>\n<td style=\"width: 200px; height: 100px; background-color: #d67dfa; text-align: center;\"><span style=\"color: #000000;\"><strong>kokku leppima aega<\/strong><\/span><br \/>\n<span style=\"color: #000000;\"> <strong>individuaalseks<\/strong><\/span><br \/>\n<span style=\"color: #000000;\"> <strong>TERVENDUSSEANSIKS<\/strong><\/span><\/td>\n<td style=\"width: 200px; height: 100px; background-color: #e3a2fc; text-align: center;\"><span style=\"color: #000000;\"><strong>osalema kord kuus toimuvas<\/strong><\/span><br \/>\n<span style=\"color: #000000;\"> <strong>REIKI-KLIINIKUS<\/strong><\/span><\/td>\n<td style=\"width: 200px; height: 100px; background-color: #eec7fc; text-align: center;\"><span style=\"color: #000000;\"><strong>kasutama meie<\/strong><\/span><br \/>\n<span style=\"color: #000000;\"> <strong>TUGILIINI<\/strong><\/span><\/td>\n<\/tr>\n<tr>\n<td style=\"width: 200px; height: 100px; background-color: #d67dfa; text-align: center;\"><span style=\"color: #000000;\"><img loading=\"lazy\" decoding=\"async\" class=\"size-thumbnail wp-image-2664 aligncenter\" src=\"http:\/\/milvi-reiki.com\/wp-content\/uploads\/2015\/01\/images-150x150.jpg\" alt=\"images\" width=\"150\" height=\"150\" \/><\/span><\/td>\n<td style=\"width: 200px; height: 100px; background-color: #e3a2fc; text-align: center;\"><span style=\"color: #000000;\"><img loading=\"lazy\" decoding=\"async\" class=\"size-thumbnail wp-image-3152 aligncenter\" src=\"http:\/\/milvi-reiki.com\/wp-content\/uploads\/2016\/10\/Krokus-150x150.jpg\" alt=\"krokus\" width=\"150\" height=\"150\" \/><\/span><\/td>\n<td style=\"width: 200px; height: 100px; background-color: #eec7fc; text-align: center;\"><span style=\"color: #000000;\"><img loading=\"lazy\" decoding=\"async\" class=\"size-thumbnail wp-image-3155 aligncenter\" src=\"http:\/\/milvi-reiki.com\/wp-content\/uploads\/2016\/10\/Meer-und-Regenbogen-150x150.jpg\" alt=\"meer-und-regenbogen\" width=\"150\" height=\"150\" \/><\/span><\/td>\n<\/tr>\n<tr>\n<td style=\"width: 200px; height: 100px; background-color: #d67dfa; text-align: center; vertical-align: top;\">\n<p style=\"text-align: left; padding-left: 30px;\"><span style=\"color: #000000;\">ja kasutama Reiki positiivset toimet enda heaks. Reiki m\u00f5jub meie olemise k\u00f5igile tasandeile: kehale, hingele, vaimule, teadvusele ja alateadvusele ning v\u00f5imaldab Sulle ligip\u00e4\u00e4su relatiivsest maisest maailmast absoluutsele, k\u00f5igega \u00fcksolemisele.<\/span><\/p>\n<p style=\"text-align: left; padding-left: 30px;\"><span style=\"color: #000000;\">Reiki m\u00f5jub tervendavalt k\u00f5igile elusolendeile, olgu need inimesed, loomad v\u00f5i taimed. L\u00fchidalt \u2013 v\u00e4himgi elunatuke reageerib Reikile positiiviselt. Toetus, mida Reiki Sulle pakub, on individuaalne. Toime ja tunded, mis Sind saadavad, on on iga seansi puhul erinevad ega mahu s\u00f5nadesse \u2013 neid tuleb kogeda. Varu enda ja oma terviklikkuse tarvis aega.<\/span><\/p>\n<p style=\"text-align: left; padding-left: 30px;\"><span style=\"color: #000000;\">\u00dcks seanss koos eelneva jutuajamisega kestab 1-1,5 tundi. <\/span><\/p>\n<\/td>\n<td style=\"width: 200px; height: 100px; background-color: #e3a2fc; padding-left: 30px; text-align: left; vertical-align: top;\"><span style=\"color: #000000;\">Neil \u00f5htuil tervendavad Reikiga tegelejad k\u00f5iki, kes Reiki seanssi soovivad v\u00f5i vajavad. Meie teenus saab teoks annetuste baasil. Esmalt saavad seansi osaliseks k\u00f5ik, kes ei ole Reikisse p\u00fchitsetud, seej\u00e4rel reikilised ise.<\/span><\/p>\n<p><span style=\"color: #000000;\">\u00d5htu sissetulek l\u00e4heb T\u00fcri Reiki-kogukonna toetuseks, et rahastada \u00fchisettev\u00f5tmisi meie kogukona h\u00fcvanguks v\u00f5i ka selleks, et v\u00f5maldada siinsetele praktiseerijatele t\u00e4iend\u00f5ppes osalemist ja \u00f5pitu kogukonnale j\u00e4lle tagasiandmist.<\/span><\/p>\n<p><span style=\"color: #000000;\">Kui oled Reiki praktiseerija, ent \u00f5ppinud mitte minu v\u00f5i m\u00f5ne teise The Reiki Alliance\u2019i meistri juures, ootame Sind loomulikult samuti kaasa l\u00f6\u00f6ma. \u00dcks seanss kestab ca 30 minutit. R\u00f5\u00f5mustame, kui j\u00e4\u00e4d meiega ka p\u00e4rast seanssi.<\/span><\/p>\n<p><span style=\"color: #000000;\">Olen alati valmis vastama Sinu k\u00fcsimustele.<\/span><\/td>\n<td style=\"width: 200px; height: 100px; background-color: #eec7fc; padding-left: 30px; text-align: left; vertical-align: top;\"><span style=\"color: #000000;\">Nii Sina kui Sinu k\u00fcsimused saavad toetust Reikilt. Kogenud teise astme Reiki-praktiseerijad saadavad Reikit Sulle v\u00f5i sellesse, mis Sul hingel.<\/span><\/p>\n<p><span style=\"color: #000000;\">V\u00f5ta \u00fchendust, kui soovid teada saada rohkem ja vajad tuge.<\/span><\/td>\n<\/tr>\n<\/tbody>\n<\/table>\n<p><\/p>","protected":false},"excerpt":{"rendered":"<p>OLED S\u00dcDAMEST OODATUD kokku leppima aega individuaalseks TERVENDUSSEANSIKS osalema kord kuus toimuvas REIKI-KLIINIKUS kasutama meie TUGILIINI ja kasutama Reiki positiivset toimet enda heaks. Reiki m\u00f5jub meie olemise k\u00f5igile tasandeile: kehale, hingele, vaimule, teadvusele ja alateadvusele ning v\u00f5imaldab Sulle ligip\u00e4\u00e4su relatiivsest maisest maailmast absoluutsele, k\u00f5igega \u00fcksolemisele. Reiki m\u00f5jub tervendavalt k\u00f5igile elusolendeile, olgu need inimesed, loomad v\u00f5i &hellip; <a href=\"https:\/\/milvi-reiki.com\/et\/offerings\/deutsch-behandlungen\/\" class=\"more-link\">Loe edasi: <span class=\"screen-reader-text\">Tervendus<\/span><\/a><\/p>\n","protected":false},"author":2,"featured_media":0,"parent":2859,"menu_order":1,"comment_status":"closed","ping_status":"closed","template":"","meta":{"jetpack_post_was_ever_published":false,"footnotes":""},"class_list":["post-2872","page","type-page","status-publish","hentry"],"jetpack_sharing_enabled":true,"jetpack_shortlink":"https:\/\/wp.me\/P5Ovwu-Kk","_links":{"self":[{"href":"https:\/\/milvi-reiki.com\/et\/wp-json\/wp\/v2\/pages\/2872","targetHints":{"allow":["GET"]}}],"collection":[{"href":"https:\/\/milvi-reiki.com\/et\/wp-json\/wp\/v2\/pages"}],"about":[{"href":"https:\/\/milvi-reiki.com\/et\/wp-json\/wp\/v2\/types\/page"}],"author":[{"embeddable":true,"href":"https:\/\/milvi-reiki.com\/et\/wp-json\/wp\/v2\/users\/2"}],"replies":[{"embeddable":true,"href":"https:\/\/milvi-reiki.com\/et\/wp-json\/wp\/v2\/comments?post=2872"}],"version-history":[{"count":42,"href":"https:\/\/milvi-reiki.com\/et\/wp-json\/wp\/v2\/pages\/2872\/revisions"}],"predecessor-version":[{"id":3164,"href":"https:\/\/milvi-reiki.com\/et\/wp-json\/wp\/v2\/pages\/2872\/revisions\/3164"}],"up":[{"embeddable":true,"href":"https:\/\/milvi-reiki.com\/et\/wp-json\/wp\/v2\/pages\/2859"}],"wp:attachment":[{"href":"https:\/\/milvi-reiki.com\/et\/wp-json\/wp\/v2\/media?parent=2872"}],"curies":[{"name":"wp","href":"https:\/\/api.w.org\/{rel}","templated":true}]}}