{"id":2874,"date":"2016-10-15T18:15:31","date_gmt":"2016-10-15T17:15:31","guid":{"rendered":"http:\/\/milvi-reiki.com\/?page_id=2874"},"modified":"2019-06-06T14:48:09","modified_gmt":"2019-06-06T13:48:09","slug":"deutsch-aus-und-weiterbildung","status":"publish","type":"page","link":"https:\/\/milvi-reiki.com\/et\/offerings\/deutsch-aus-und-weiterbildung\/","title":{"rendered":"Koolitus"},"content":{"rendered":"<p>&nbsp;<\/p>\n<table style=\"padding-left: 30px;\">\n<tbody style=\"padding-left: 30px;\">\n<tr style=\"padding-left: 30px;\">\n<td style=\"background-color: #44c760; padding-left: 30px; text-align: left; vertical-align: top;\" colspan=\"2\"><span style=\"color: #000000;\"><img loading=\"lazy\" decoding=\"async\" class=\"alignright wp-image-2776 size-thumbnail\" src=\"http:\/\/milvi-reiki.com\/wp-content\/uploads\/2016\/01\/Summer-retreat-150x150.jpg\" alt=\"Summer retreat\" width=\"150\" height=\"150\" srcset=\"https:\/\/milvi-reiki.com\/wp-content\/uploads\/2016\/01\/Summer-retreat-150x150.jpg 150w, https:\/\/milvi-reiki.com\/wp-content\/uploads\/2016\/01\/Summer-retreat.jpg 178w\" sizes=\"auto, (max-width: 150px) 100vw, 150px\" \/>Kogu Reiki s\u00fcsteemi \u00f5petatakse kahes j\u00e4rgus. Neil, kes tunnevad kutsumust Reikit ja Usui Shiki Ryoho s\u00fcsteemi \u00f5petada, on lisaks v\u00f5imalus saada meisitriks. Meistritena j\u00e4\u00e4me me aga samas alatiseks \u00f5pilasteks k\u00f5igil p\u00fchitsusastmeil.<\/span><\/p>\n<p style=\"text-align: center; padding-left: 120px;\"><span style=\"color: #000000;\"><strong>OLED OODATUD<\/strong><\/span><\/p>\n<\/td>\n<\/tr>\n<tr>\n<td style=\"width: 300px; height: 50px; background-color: #fcd949; text-align: center; vertical-align: middle;\"><span style=\"color: #000000;\"><strong>osa v\u00f5tma Reiki-kursusest<\/strong><\/span><\/td>\n<td style=\"width: 300px; height: 50px; background-color: #fae969; text-align: center; vertical-align: middle;\"><span style=\"color: #000000;\"><strong>Reiki praktiseerijana<\/strong><\/span><\/td>\n<\/tr>\n<tr>\n<td style=\"width: 300px; height: 50px; background-color: #fcd949; text-align: center; vertical-align: top;\">\n<p style=\"padding-left: 30px; text-align: left;\"><span style=\"color: #000000;\">ja saama ise selle s\u00fcsteemi \u00f5pilasels ning Reiki praktiseerijaks.\u00a0<strong>Reiki esimene astme kursus <\/strong>toob Sinuni Usui Shiki Ryoho alg\u00f5petuse.<br \/>\nSiit peale oled kogu elu mil iganes v\u00f5imeline teadlikult looma \u00fchenduse Reiki ja enda v\u00f5i teiste vahel, kogema ning vahendama head, mis Reikist s\u00fcnnib.<img loading=\"lazy\" decoding=\"async\" class=\"wp-image-3158 aligncenter\" src=\"http:\/\/milvi-reiki.com\/wp-content\/uploads\/2016\/10\/Tulpen-2.jpg\" alt=\"tulpen-2\" width=\"208\" height=\"150\" \/><\/span><\/p>\n<\/td>\n<td style=\"width: 300px; height: 50px; background-color: #fae969; text-align: center; vertical-align: top;\">\n<p style=\"text-align: left; padding-left: 30px;\"><span style=\"color: #000000;\">\u00f5ppima, praktiseerima, vahendama ja uurima kas koos teiste Reiki-\u00f5pilastega v\u00f5i ka omaette meie s\u00fcsteemi 4 aspekti ja 9 elementi<br \/>\nning teenima iseennast, oma kogukonda ja maailma. Milliseid v\u00f5imalusi Sa p\u00e4rast kursust selleks kasutada soovid, s\u00f5ltub Sinust. Ka \u00f5pitu kasutamine ja praktiseerimine on Sinu vastutus.<img loading=\"lazy\" decoding=\"async\" class=\"size-thumbnail wp-image-2298 aligncenter\" src=\"http:\/\/milvi-reiki.com\/wp-content\/uploads\/2012\/10\/Lotus-150x150.jpg\" alt=\"white radiating Lotus\" width=\"150\" height=\"150\" \/><\/span><\/p>\n<p><span style=\"color: #000000;\">\u00a0<\/span><\/td>\n<\/tr>\n<tr>\n<td style=\"width: 300px; height: 50px; background-color: #fcd949; text-align: center; vertical-align: middle;\">\n<p style=\"padding-left: 30px; text-align: left;\"><span style=\"color: #000000;\"><strong>Reiki esimene astme kursus: <\/strong>Sulle saavad osaks k\u00f5ik selle astme juurde kuuluvad p\u00fchitsused, Sa \u00f5pid \u00e4ra k\u00e4tepositsioonid nii enda kui teiste tervendamiseks, \u00f5pid tundma Reiki ajalugu, p\u00f5him\u00f5tteid ning meie s\u00fcsteemi vaimset liini.<\/span><\/p>\n<p style=\"padding-left: 30px; text-align: left;\"><span style=\"color: #000000;\">Sinu panuseks kursusel on 150 USD v\u00f5i 150 EUR ja avatud meel Usui Shiki Ryoho s\u00fcsteemi \u00f5petuste vastuv\u00f5tuks, valmidus v\u00f5tta endale neljal j\u00e4rjestikkusel \u00f5htul umbes kolm tundi aega ning \u00f5pitut p\u00e4rast kursust ka rakendada ja praktiseerida.<\/span><\/p>\n<\/td>\n<td style=\"width: 300px; height: 50px; background-color: #fae969; padding-left: 30px; text-align: left; vertical-align: top;\"><span style=\"color: #000000;\">osa v\u00f5tma igan\u00e4dalasest <strong>Reiki esimene t\u00e4iend\u00f5ppest<\/strong>, kohustudes ca 3 kuu v\u00e4ltel (13 \u00f5htut, \u00e0 umbes 3 tundi) osalema meie kord n\u00e4dalas toimuvatest Reiki esimene astme kohtumistest ja t\u00f6\u00f6tama koos teiste Reiki-\u00f5pilastega oma individuaalse Reiki-teekonna alustega.<\/span><\/p>\n<p><span style=\"color: #000000;\">Need \u00f5htud on k\u00fcsimuste esitamiseks, kogemuste kogumiseks ning jagamiseks, Reiki uurimiseks ja selle kogemiseks, millised eelised toovad kaasa regulaarsed tevendused grupiringis. Kel soovi, on p\u00e4rast tavap\u00e4raseid toiminguid palutud l\u00f5petama \u00f5htut juturingis koos einet v\u00f5ttes.<\/span><\/td>\n<\/tr>\n<tr style=\"padding-left: 60px;\">\n<td style=\"width: 300px; height: 50px; background-color: #fcd949; vertical-align: middle;\">\n<p style=\"text-align: left; padding-left: 30px;\"><span style=\"color: #000000;\">V\u00f5imalust\u00a0end Reikiga veel enam s\u00fcvitsi siduda pakub <strong>Reiki teine astme kursus<\/strong>. See kursus sobib inimestele, kes juba m\u00f5nda aega on praktiseerinud Reiki I ning tunnetavad s\u00fcgavat seotust sellega ja p\u00fchendumust.<\/span><\/p>\n<p style=\"padding-left: 30px;\"><span style=\"color: #000000;\">Reiki II astme kursusel \u00f5pid Sa t\u00f6\u00f6tama s\u00fcmbolitega, mis v\u00f5imaldavad \u00fcletada aega ja ruumi, saata reikit k\u00f5ikidele elusolenditele ning k\u00f5ikidesse situatsioonidesse, t\u00f6\u00f6tada alateadvusega, tervendades muuta harjumusi ja veel palju muud.<\/span><\/p>\n<p style=\"padding-left: 30px;\"><span style=\"color: #000000;\">Sinu panuseks sel kursusel on 500 USD v\u00f5i 500 EUR ja valmidus v\u00f5tta endale kolmel j\u00e4rjestikkusel p\u00e4eval umbes 3 tundi aega ning \u00f5pitut p\u00e4rast kursust ka rakendada ja praktiseerida.<\/span><\/p>\n<\/td>\n<td style=\"width: 300px; height: 50px; background-color: #fae969; padding-left: 30px; text-align: left; vertical-align: top;\"><span style=\"color: #000000;\">s\u00fcvitsi uurima Reiki teine astme maailma ja oma teed selles, kohustudes 6 kuu v\u00e4ltel iga 21 p\u00e4eva j\u00e4rel osa v\u00f5tma <strong>Reiki teine t\u00e4iend\u00f5ppest<\/strong> (kokku 10 kokkusaamist, \u00e0 umbes 2-3 tundi). Eelduseks on Reiki teine astme kursuse l\u00e4bimine ja ideaaljuhul ka osaelmine igan\u00e4dalases Reiki esimene astme \u00f5ppes. <\/span><\/p>\n<p><span style=\"color: #000000;\"><strong>Lisaks osaledes seminaridel s\u00fcvenema Reiki 4 aspekti, 9 elementi ja Usui Shiki Ryoho s\u00fcsteemi.<\/strong><\/span><\/p>\n<p style=\"text-align: left;\"><span style=\"color: #000000;\">V\u00f5ta julgelt \u00fchendust!<\/span><\/p>\n<p><span style=\"color: #000000;\">\u00a0<\/span><\/td>\n<\/tr>\n<tr style=\"padding-left: 90px;\">\n<td style=\"width: 300px; height: 100px; text-align: left; vertical-align: top;\" colspan=\"2\"><span style=\"color: #000000;\">Nii esimese kui teise astme kursuse l\u00f5petamisel p\u00e4lvid sertifikaadi, mis t\u00f5endab kursuse ja sellega kaasnevate p\u00fchitsuste l\u00e4bimist ning \u00f5pitu omandamist. Minu kursused l\u00e4htuvad<\/span> <a href=\"http:\/\/www.reikialliance.com.\">The Reiki Alliance\u2019i <\/a><span style=\"color: #000000;\">standardeist ja eetikast<\/span>.<\/td>\n<\/tr>\n<\/tbody>\n<\/table>\n<p>&nbsp;<\/p>","protected":false},"excerpt":{"rendered":"<p>&nbsp; Kogu Reiki s\u00fcsteemi \u00f5petatakse kahes j\u00e4rgus. Neil, kes tunnevad kutsumust Reikit ja Usui Shiki Ryoho s\u00fcsteemi \u00f5petada, on lisaks v\u00f5imalus saada meisitriks. Meistritena j\u00e4\u00e4me me aga samas alatiseks \u00f5pilasteks k\u00f5igil p\u00fchitsusastmeil. OLED OODATUD osa v\u00f5tma Reiki-kursusest Reiki praktiseerijana ja saama ise selle s\u00fcsteemi \u00f5pilasels ning Reiki praktiseerijaks.\u00a0Reiki esimene astme kursus toob Sinuni Usui Shiki &hellip; <a href=\"https:\/\/milvi-reiki.com\/et\/offerings\/deutsch-aus-und-weiterbildung\/\" class=\"more-link\">Loe edasi: <span class=\"screen-reader-text\">Koolitus<\/span><\/a><\/p>\n","protected":false},"author":2,"featured_media":0,"parent":2859,"menu_order":2,"comment_status":"closed","ping_status":"closed","template":"","meta":{"jetpack_post_was_ever_published":false,"footnotes":""},"class_list":["post-2874","page","type-page","status-publish","hentry"],"jetpack_sharing_enabled":true,"jetpack_shortlink":"https:\/\/wp.me\/P5Ovwu-Km","_links":{"self":[{"href":"https:\/\/milvi-reiki.com\/et\/wp-json\/wp\/v2\/pages\/2874","targetHints":{"allow":["GET"]}}],"collection":[{"href":"https:\/\/milvi-reiki.com\/et\/wp-json\/wp\/v2\/pages"}],"about":[{"href":"https:\/\/milvi-reiki.com\/et\/wp-json\/wp\/v2\/types\/page"}],"author":[{"embeddable":true,"href":"https:\/\/milvi-reiki.com\/et\/wp-json\/wp\/v2\/users\/2"}],"replies":[{"embeddable":true,"href":"https:\/\/milvi-reiki.com\/et\/wp-json\/wp\/v2\/comments?post=2874"}],"version-history":[{"count":58,"href":"https:\/\/milvi-reiki.com\/et\/wp-json\/wp\/v2\/pages\/2874\/revisions"}],"predecessor-version":[{"id":3436,"href":"https:\/\/milvi-reiki.com\/et\/wp-json\/wp\/v2\/pages\/2874\/revisions\/3436"}],"up":[{"embeddable":true,"href":"https:\/\/milvi-reiki.com\/et\/wp-json\/wp\/v2\/pages\/2859"}],"wp:attachment":[{"href":"https:\/\/milvi-reiki.com\/et\/wp-json\/wp\/v2\/media?parent=2874"}],"curies":[{"name":"wp","href":"https:\/\/api.w.org\/{rel}","templated":true}]}}