{"id":2878,"date":"2016-10-15T18:25:12","date_gmt":"2016-10-15T17:25:12","guid":{"rendered":"http:\/\/milvi-reiki.com\/?page_id=2878"},"modified":"2019-10-23T11:51:13","modified_gmt":"2019-10-23T10:51:13","slug":"deutsch-veranstaltungen","status":"publish","type":"page","link":"https:\/\/milvi-reiki.com\/et\/offerings\/deutsch-veranstaltungen\/","title":{"rendered":"Ettev\u00f5tmised"},"content":{"rendered":"<p><strong>Reiki-2-intensiivne Eestis:<\/strong><br \/>\n<strong>Reiki teie isiklikuks kasvuks &#8211; Modul 1,<\/strong><br \/>\n<strong>08. &#8211; 13. august 2020<\/strong><\/p>\n<p>Uus intensiivkursus on m\u00f5eldud k\u00f5igile, kes soovivad oma harjutusi teise astmega v\u00e4rskendada ja s\u00fcvendada, ning Reiki meistritele, kes soovivad oma \u00f5ppet\u00f6\u00f6sse kaasata uusi aspekte. S\u00f5ltumata sellest, millises Reiki vormis olete koolitatud.<\/p>\n<p>Oma t\u00f5elise iseenda paljastamine &#8211; kus me piirdume vanade uskumusmustritega, millised on tingimused, mis meid kontrollivad &#8230; Valgustame oma v\u00e4lja ja siseneme sihikindlalt grupi arenguruumi. Suurema rahulikkuse poole pakume teile t\u00f6\u00f6riistu, mis muudavad teie igap\u00e4evase elu lihtsamaks ja vabamaks. Igap\u00e4evased reiki hoolitsused on seminari lahutamatu osa.<\/p>\n<p><em>Reiki vool, mida kannab ja hoiab r\u00fchma energia, viib meid vaimsuse ja tervenemiseni.<\/em><\/p>\n<p>Endaga rahule tulekut toetab harmooniliselt Eesti ainulaadne ja puutumatu loodus. Meid majutatakse Altm\u00f5isa k\u00fclalistemajja. Teid ootab v\u00e4ga hea mahetoit, armsalt sisustatud ruumid ja imeline seminariruum.<\/p>\n<p>Teid saadavad Krishna Judith Kloers, Reikimeister aastast 1987 ja kehaterapeut (www.reiki-freiburg.de) ja Reikimeister Astrid Milvi Bagwitz (www.milvi-reiki.com).<br \/>\n<a href=\"https:\/\/milvi-reiki.com\/et\/contact\/\">V\u00f5tke lisateabe saamiseks \u00fchendusts<\/a><\/p>\n<p><img loading=\"lazy\" decoding=\"async\" class=\"alignleft size-full wp-image-3441\" src=\"https:\/\/milvi-reiki.com\/wp-content\/uploads\/2019\/10\/Estland_Intensive-2.jpg\" alt=\"\" width=\"960\" height=\"677\" srcset=\"https:\/\/milvi-reiki.com\/wp-content\/uploads\/2019\/10\/Estland_Intensive-2.jpg 960w, https:\/\/milvi-reiki.com\/wp-content\/uploads\/2019\/10\/Estland_Intensive-2-300x212.jpg 300w, https:\/\/milvi-reiki.com\/wp-content\/uploads\/2019\/10\/Estland_Intensive-2-768x542.jpg 768w, https:\/\/milvi-reiki.com\/wp-content\/uploads\/2019\/10\/Estland_Intensive-2-500x353.jpg 500w, https:\/\/milvi-reiki.com\/wp-content\/uploads\/2019\/10\/Estland_Intensive-2-624x440.jpg 624w\" sizes=\"auto, (max-width: 960px) 100vw, 960px\" \/><\/p>\n<table>\n<tbody>\n<tr>\n<td style=\"background-color: #fcdea4;\"><img loading=\"lazy\" decoding=\"async\" class=\"alignleft\" src=\"http:\/\/milvi-reiki.com\/wp-content\/uploads\/2012\/10\/D%C3%A4mmerung-250x300.jpg\" alt=\"D\u00e4mmerung\" width=\"193\" height=\"232\" \/><\/p>\n<p><span style=\"color: #000000;\">Lisaks retriitidele, reisidele ja muule, mida ise Eestis korraldan, jagan Sulle ka heal meelel samalaadset teavet kogu maailmas toimuva kohta.<\/span><\/p>\n<p><span style=\"color: #000000;\">V\u00f5imalus maha v\u00f5tta aeg, tempo ja pinge v\u00f5i ka aktiivselt \u00fcksteiselt ja \u00fcheskoos \u00f5ppida, t\u00f6\u00f6tada iseendaga, terveneda, anda oma panus globaalse kogukonna t\u00f6\u00f6sse ja lasta end sellel kanda, \u00f5ppida tundma m\u00f5ttekaaslasi \u2013 retriit v\u00f5i mistahes muu s\u00fcndmus reiki kontekstis v\u00e4\u00e4rib alati reisi sellest osa saamiseks.<\/span><\/p>\n<p><strong><a href=\"http:\/\/milvi-reiki.com\/contact\/\">Palun v\u00f5ta minuga \u00fchendust.<\/a><\/strong><\/p>\n<p>&nbsp;<\/td>\n<\/tr>\n<\/tbody>\n<\/table>\n<p>&nbsp;<\/p>","protected":false},"excerpt":{"rendered":"<p>Reiki-2-intensiivne Eestis: Reiki teie isiklikuks kasvuks &#8211; Modul 1, 08. &#8211; 13. august 2020 Uus intensiivkursus on m\u00f5eldud k\u00f5igile, kes soovivad oma harjutusi teise astmega v\u00e4rskendada ja s\u00fcvendada, ning Reiki meistritele, kes soovivad oma \u00f5ppet\u00f6\u00f6sse kaasata uusi aspekte. S\u00f5ltumata sellest, millises Reiki vormis olete koolitatud. Oma t\u00f5elise iseenda paljastamine &#8211; kus me piirdume vanade uskumusmustritega, &hellip; <a href=\"https:\/\/milvi-reiki.com\/et\/offerings\/deutsch-veranstaltungen\/\" class=\"more-link\">Loe edasi: <span class=\"screen-reader-text\">Ettev\u00f5tmised<\/span><\/a><\/p>\n","protected":false},"author":2,"featured_media":0,"parent":2859,"menu_order":3,"comment_status":"closed","ping_status":"closed","template":"","meta":{"jetpack_post_was_ever_published":false,"footnotes":""},"class_list":["post-2878","page","type-page","status-publish","hentry"],"jetpack_sharing_enabled":true,"jetpack_shortlink":"https:\/\/wp.me\/P5Ovwu-Kq","_links":{"self":[{"href":"https:\/\/milvi-reiki.com\/et\/wp-json\/wp\/v2\/pages\/2878","targetHints":{"allow":["GET"]}}],"collection":[{"href":"https:\/\/milvi-reiki.com\/et\/wp-json\/wp\/v2\/pages"}],"about":[{"href":"https:\/\/milvi-reiki.com\/et\/wp-json\/wp\/v2\/types\/page"}],"author":[{"embeddable":true,"href":"https:\/\/milvi-reiki.com\/et\/wp-json\/wp\/v2\/users\/2"}],"replies":[{"embeddable":true,"href":"https:\/\/milvi-reiki.com\/et\/wp-json\/wp\/v2\/comments?post=2878"}],"version-history":[{"count":13,"href":"https:\/\/milvi-reiki.com\/et\/wp-json\/wp\/v2\/pages\/2878\/revisions"}],"predecessor-version":[{"id":3447,"href":"https:\/\/milvi-reiki.com\/et\/wp-json\/wp\/v2\/pages\/2878\/revisions\/3447"}],"up":[{"embeddable":true,"href":"https:\/\/milvi-reiki.com\/et\/wp-json\/wp\/v2\/pages\/2859"}],"wp:attachment":[{"href":"https:\/\/milvi-reiki.com\/et\/wp-json\/wp\/v2\/media?parent=2878"}],"curies":[{"name":"wp","href":"https:\/\/api.w.org\/{rel}","templated":true}]}}