{"id":2880,"date":"2016-10-15T18:30:38","date_gmt":"2016-10-15T17:30:38","guid":{"rendered":"http:\/\/milvi-reiki.com\/?page_id=2880"},"modified":"2016-12-03T17:17:08","modified_gmt":"2016-12-03T16:17:08","slug":"deutsch-reiki-home","status":"publish","type":"page","link":"https:\/\/milvi-reiki.com\/et\/offerings\/deutsch-reiki-home\/","title":{"rendered":"Maailma heaks"},"content":{"rendered":"<p><\/p>\n<table style=\"width: 621px; background-color: #d1cfcf;\">\n<tbody>\n<tr style=\"height: 200px;\">\n<td style=\"width: 157px; height: 200px;\">\n<p style=\"padding-left: 30px;\"><span style=\"color: #000000;\"><img loading=\"lazy\" decoding=\"async\" class=\"wp-image-2512 alignleft\" src=\"http:\/\/milvi-reiki.com\/wp-content\/uploads\/2011\/01\/Reiki-H\u00e4nde-150x150.jpg\" alt=\"Reiki H\u00e4nde\" width=\"150\" height=\"150\" \/><\/span><span style=\"color: #000000;\">Sinagi saad anda oma panuse projekti Reiki Home ja selle kaudu \u201euue maailmakorra\u201c heaks. Reiki Home on liikumine, millega v\u00f5ib liituda iga\u00fcks, reiki-\u00f5pilasena v\u00f5i mitte. See on kutse, mida paljud meist endas tunnevad ja millele Reiki Foundation International (RFI) soovib anda reaalse materiaalse vormi.<\/span><\/p>\n<p style=\"padding-left: 30px;\"><span style=\"color: #000000;\">Seda kutset tundis Reiki-kogukond selgel kujul aastail 2008-2010 OGM-retriitide k\u00e4igus (OGM = <a href=\"http:\/\/www.usuishikiryohoreiki.com\">Office of the Grandmaster<\/a> ehk Suurmeistri amet). P\u00e4rast seda, kui USAs tegutsev \u00fchiskondlik organisatsioon RFI pakkus end seda unistust ellu viivaks t\u00f6\u00f6riistaks ja kehandiks, on toimunud palju.<\/span><\/p>\n<p style=\"padding-left: 30px;\"><span style=\"color: #000000;\">Koos Regenesis\u2019ega, r\u00fchmitusega USAs, mis on keskendunud regeneratiivsele m\u00f5ttelaadile ning eluvormile, t\u00f6\u00f6tab RFI Reiki abil selle heaks, et kinkida rahu, tervenemine, armastus, r\u00f5\u00f5m \u2013 rahupaik ja kodu meie planeetidele, kogukondadele ja meile endile, k\u00f5ikidele elusolenditele. RFI unistuseks on \u00fchel p\u00e4eval maailmas f\u00fc\u00fcsiliselt olemasolev keskus, paik, mis etalonina teeniks Reiki Home\u2019i ideed.<\/span><\/p>\n<p style=\"padding-left: 30px;\"><span style=\"color: #000000;\">Praegusel hetkel pakub organisatsioon \u00fclemaailmsele kogukonnale v\u00f5imalust virtuaalsetekskohtumisteks ning seminaridel ja ettev\u00f5tmistel osalemiseks. Samuti on v\u00f5imalik vabatahtlikuna osaleda organisatsiooni t\u00f6\u00f6s.<\/span><\/p>\n<p style=\"padding-left: 30px;\"><span style=\"color: #000000;\">Valdkonnad, millega praegu t\u00f6\u00f6tame, h\u00f5lmavad endas arhiivi, akadeemiat, kommunikatsiooni, f\u00fc\u00fcsilist asupaika, t\u00f5lkimist, tervenduskeskust, regeneratiivsete meetodite koolitust, meie omavahelist seost, t\u00f6\u00f6d avalikkusega ja palju muud&#8230; Sinu soovid ja m\u00f5tted on oodatud.<\/span><\/p>\n<p style=\"padding-left: 30px;\"><span style=\"color: #000000;\">Annetan osa oma sissetulekust sellele organisatsioonile, olen alates 2011. a ise aktiivselt tegev mitmes meeskonnas ning alates hooajast 2014\/2015 juhatuse liige ning RFI \u00e4rijuht vabatahtlikuna. Rohkem teavet leiad siit:\u00a0<a href=\"http:\/\/www.reikihome.org\">www.reikihome.org<\/a><\/span><\/p>\n<p>&nbsp;<\/td>\n<\/tr>\n<\/tbody>\n<\/table>\n<p>&nbsp;<\/p>\n<p>&nbsp;<\/p>","protected":false},"excerpt":{"rendered":"<p>Sinagi saad anda oma panuse projekti Reiki Home ja selle kaudu \u201euue maailmakorra\u201c heaks. Reiki Home on liikumine, millega v\u00f5ib liituda iga\u00fcks, reiki-\u00f5pilasena v\u00f5i mitte. See on kutse, mida paljud meist endas tunnevad ja millele Reiki Foundation International (RFI) soovib anda reaalse materiaalse vormi. Seda kutset tundis Reiki-kogukond selgel kujul aastail 2008-2010 OGM-retriitide k\u00e4igus (OGM &hellip; <a href=\"https:\/\/milvi-reiki.com\/et\/offerings\/deutsch-reiki-home\/\" class=\"more-link\">Loe edasi: <span class=\"screen-reader-text\">Maailma heaks<\/span><\/a><\/p>\n","protected":false},"author":2,"featured_media":0,"parent":2859,"menu_order":4,"comment_status":"closed","ping_status":"closed","template":"","meta":{"jetpack_post_was_ever_published":false,"footnotes":""},"class_list":["post-2880","page","type-page","status-publish","hentry"],"jetpack_sharing_enabled":true,"jetpack_shortlink":"https:\/\/wp.me\/P5Ovwu-Ks","_links":{"self":[{"href":"https:\/\/milvi-reiki.com\/et\/wp-json\/wp\/v2\/pages\/2880","targetHints":{"allow":["GET"]}}],"collection":[{"href":"https:\/\/milvi-reiki.com\/et\/wp-json\/wp\/v2\/pages"}],"about":[{"href":"https:\/\/milvi-reiki.com\/et\/wp-json\/wp\/v2\/types\/page"}],"author":[{"embeddable":true,"href":"https:\/\/milvi-reiki.com\/et\/wp-json\/wp\/v2\/users\/2"}],"replies":[{"embeddable":true,"href":"https:\/\/milvi-reiki.com\/et\/wp-json\/wp\/v2\/comments?post=2880"}],"version-history":[{"count":24,"href":"https:\/\/milvi-reiki.com\/et\/wp-json\/wp\/v2\/pages\/2880\/revisions"}],"predecessor-version":[{"id":3245,"href":"https:\/\/milvi-reiki.com\/et\/wp-json\/wp\/v2\/pages\/2880\/revisions\/3245"}],"up":[{"embeddable":true,"href":"https:\/\/milvi-reiki.com\/et\/wp-json\/wp\/v2\/pages\/2859"}],"wp:attachment":[{"href":"https:\/\/milvi-reiki.com\/et\/wp-json\/wp\/v2\/media?parent=2880"}],"curies":[{"name":"wp","href":"https:\/\/api.w.org\/{rel}","templated":true}]}}