{"id":2898,"date":"2016-10-15T21:24:43","date_gmt":"2016-10-15T20:24:43","guid":{"rendered":"http:\/\/milvi-reiki.com\/?page_id=2898"},"modified":"2019-06-06T09:47:20","modified_gmt":"2019-06-06T08:47:20","slug":"contribution-fees","status":"publish","type":"page","link":"https:\/\/milvi-reiki.com\/et\/offerings\/contribution-fees\/","title":{"rendered":"Panused\/ honorar"},"content":{"rendered":"<p>&nbsp;<\/p>\n<table style=\"background-color: #216e14;\">\n<tbody>\n<tr>\n<td style=\"padding-left: 30px;\"><span style=\"color: #ffffff;\"><img loading=\"lazy\" decoding=\"async\" class=\"size-thumbnail wp-image-2308 alignleft\" src=\"http:\/\/milvi-reiki.com\/wp-content\/uploads\/2012\/10\/Wasserfall-150x150.jpg\" alt=\"Wasserfall\" width=\"150\" height=\"150\" \/><\/span><\/p>\n<p><span style=\"color: #ffffff;\">Allpool leiad soovitava Sinupoolse panuse, mida saad anda mulle\/meile, et meie t\u00f6\u00f6 v\u00f5imalikuks muuta ja seda toetada. Sinu panus tuleb tasuda meie vastava \u00fchisettev\u00f5tmise alguseks. V\u00f5imalikud on ka alternatiivsed, mitterahalised panused ning tasumine osamaksetena. Ettev\u00f5tmiste toimumisaegade kohta saad teavet minult.<\/span><\/td>\n<\/tr>\n<\/tbody>\n<\/table>\n<table>\n<tbody>\n<tr>\n<td><span style=\"color: #000000;\"><a style=\"color: #000000;\" href=\"http:\/\/milvi-reiki.com\/offerings\/deutsch-behandlungen\/\">Reiki tervendusseanss<\/a><\/span><\/td>\n<td><span style=\"color: #000000;\">ca 1-1,5 tundi, 50 USD v\u00f5i 50 EUR<\/span><\/td>\n<\/tr>\n<tr>\n<td><span style=\"color: #000000;\"><a style=\"color: #000000;\" href=\"http:\/\/milvi-reiki.com\/offerings\/deutsch-behandlungen\/\">Reiki-Kliinik<\/a><\/span><\/td>\n<td><span style=\"color: #000000;\">annetuste baasil, soovitatav panus 15 \u2013 50 EUR<\/span><\/td>\n<\/tr>\n<tr>\n<td><span style=\"color: #000000;\"><a style=\"color: #000000;\" href=\"http:\/\/milvi-reiki.com\/offerings\/deutsch-behandlungen\/\">Tugiliin<\/a><\/span><\/td>\n<td><span style=\"color: #000000;\">annetuste baasil, soovitatav panus 15 \u2013 50 EUR<\/span><\/td>\n<\/tr>\n<tr>\n<td><span style=\"color: #000000;\"><a style=\"color: #000000;\" href=\"http:\/\/milvi-reiki.com\/offerings\/deutsch-aus-und-weiterbildung\/\">Reiki esimene astme kursus<\/a><\/span><\/td>\n<td><span style=\"color: #000000;\">150 USD v\u00f5i 150 EUR<\/span><\/td>\n<\/tr>\n<tr>\n<td><span style=\"color: #000000;\"><a style=\"color: #000000;\" href=\"http:\/\/milvi-reiki.com\/offerings\/deutsch-aus-und-weiterbildung\/\">Reiki teine astme kursus<\/a><\/span><\/td>\n<td><span style=\"color: #000000;\">500 USD v\u00f5i 500 EUR<\/span><\/td>\n<\/tr>\n<tr>\n<td><span style=\"color: #000000;\"><a style=\"color: #000000;\" href=\"http:\/\/milvi-reiki.com\/offerings\/deutsch-aus-und-weiterbildung\/\">Reiki esimene t\u00e4iend\u00f5pe<\/a><\/span><\/td>\n<td><span style=\"color: #000000;\">13 kohtumist, \u00e0 2-3 tundi, 3 kuu v\u00e4ltel, kokku 150 USD v\u00f5i 150 EUR<\/span><\/td>\n<\/tr>\n<tr>\n<td><span style=\"color: #000000;\"><a style=\"color: #000000;\" href=\"http:\/\/milvi-reiki.com\/offerings\/deutsch-aus-und-weiterbildung\/\">Reiki teine astme t\u00e4iend\u00f5pe<\/a><\/span><\/td>\n<td><span style=\"color: #000000;\">10 kohtumist, \u00e0 2-3 tundi, 6 kuu v\u00e4ltel, kokku 500 USD v\u00f5i 500 EUR<\/span><\/td>\n<\/tr>\n<tr>\n<td><span style=\"color: #000000;\"><a style=\"color: #000000;\" href=\"http:\/\/milvi-reiki.com\/offerings\/deutsch-veranstaltungen\/\">Reiki retriidid, ettev\u00f5tmised<\/a><\/span><\/td>\n<td><span style=\"color: #000000;\">kokkuleppel<\/span><\/td>\n<\/tr>\n<\/tbody>\n<\/table>\n<p>Panustada on v\u00f5imalik sularahas v\u00f5i \u00fclekande teel.<\/p>\n<p>Reiki Kodu O\u00dc<br \/>\nSEB, IBAN: EE391010220250980229<br \/>\nSwift Code (BIC):\u00a0EEUHEE2X<\/p>","protected":false},"excerpt":{"rendered":"<p>&nbsp; Allpool leiad soovitava Sinupoolse panuse, mida saad anda mulle\/meile, et meie t\u00f6\u00f6 v\u00f5imalikuks muuta ja seda toetada. Sinu panus tuleb tasuda meie vastava \u00fchisettev\u00f5tmise alguseks. V\u00f5imalikud on ka alternatiivsed, mitterahalised panused ning tasumine osamaksetena. Ettev\u00f5tmiste toimumisaegade kohta saad teavet minult. Reiki tervendusseanss ca 1-1,5 tundi, 50 USD v\u00f5i 50 EUR Reiki-Kliinik annetuste baasil, soovitatav &hellip; <a href=\"https:\/\/milvi-reiki.com\/et\/offerings\/contribution-fees\/\" class=\"more-link\">Loe edasi: <span class=\"screen-reader-text\">Panused\/ honorar<\/span><\/a><\/p>\n","protected":false},"author":2,"featured_media":0,"parent":2859,"menu_order":5,"comment_status":"closed","ping_status":"closed","template":"","meta":{"jetpack_post_was_ever_published":false,"footnotes":""},"class_list":["post-2898","page","type-page","status-publish","hentry"],"jetpack_sharing_enabled":true,"jetpack_shortlink":"https:\/\/wp.me\/P5Ovwu-KK","_links":{"self":[{"href":"https:\/\/milvi-reiki.com\/et\/wp-json\/wp\/v2\/pages\/2898","targetHints":{"allow":["GET"]}}],"collection":[{"href":"https:\/\/milvi-reiki.com\/et\/wp-json\/wp\/v2\/pages"}],"about":[{"href":"https:\/\/milvi-reiki.com\/et\/wp-json\/wp\/v2\/types\/page"}],"author":[{"embeddable":true,"href":"https:\/\/milvi-reiki.com\/et\/wp-json\/wp\/v2\/users\/2"}],"replies":[{"embeddable":true,"href":"https:\/\/milvi-reiki.com\/et\/wp-json\/wp\/v2\/comments?post=2898"}],"version-history":[{"count":32,"href":"https:\/\/milvi-reiki.com\/et\/wp-json\/wp\/v2\/pages\/2898\/revisions"}],"predecessor-version":[{"id":3433,"href":"https:\/\/milvi-reiki.com\/et\/wp-json\/wp\/v2\/pages\/2898\/revisions\/3433"}],"up":[{"embeddable":true,"href":"https:\/\/milvi-reiki.com\/et\/wp-json\/wp\/v2\/pages\/2859"}],"wp:attachment":[{"href":"https:\/\/milvi-reiki.com\/et\/wp-json\/wp\/v2\/media?parent=2898"}],"curies":[{"name":"wp","href":"https:\/\/api.w.org\/{rel}","templated":true}]}}